{"id":55,"date":"2024-06-26T12:26:28","date_gmt":"2024-06-26T10:26:28","guid":{"rendered":"https:\/\/activ18.fr\/?page_id=55"},"modified":"2024-07-22T09:58:40","modified_gmt":"2024-07-22T07:58:40","slug":"programme-2023-activ18","status":"publish","type":"page","link":"https:\/\/activ18.fr\/?page_id=55","title":{"rendered":"Programme 2023"},"content":{"rendered":"\t\t<div data-elementor-type=\"wp-page\" data-elementor-id=\"55\" class=\"elementor elementor-55\">\n\t\t\t\t<div class=\"elementor-element elementor-element-f5482b6 e-flex e-con-boxed e-con e-parent\" data-id=\"f5482b6\" data-element_type=\"container\">\n\t\t\t\t\t<div class=\"e-con-inner\">\n\t\t\t\t<div class=\"elementor-element elementor-element-6bcdbca elementor-widget elementor-widget-spacer\" data-id=\"6bcdbca\" data-element_type=\"widget\" data-widget_type=\"spacer.default\">\n\t\t\t\t<div class=\"elementor-widget-container\">\n\t\t\t<style>\/*! elementor - v3.23.0 - 15-07-2024 *\/\n.elementor-column .elementor-spacer-inner{height:var(--spacer-size)}.e-con{--container-widget-width:100%}.e-con-inner>.elementor-widget-spacer,.e-con>.elementor-widget-spacer{width:var(--container-widget-width,var(--spacer-size));--align-self:var(--container-widget-align-self,initial);--flex-shrink:0}.e-con-inner>.elementor-widget-spacer>.elementor-widget-container,.e-con>.elementor-widget-spacer>.elementor-widget-container{height:100%;width:100%}.e-con-inner>.elementor-widget-spacer>.elementor-widget-container>.elementor-spacer,.e-con>.elementor-widget-spacer>.elementor-widget-container>.elementor-spacer{height:100%}.e-con-inner>.elementor-widget-spacer>.elementor-widget-container>.elementor-spacer>.elementor-spacer-inner,.e-con>.elementor-widget-spacer>.elementor-widget-container>.elementor-spacer>.elementor-spacer-inner{height:var(--container-widget-height,var(--spacer-size))}.e-con-inner>.elementor-widget-spacer.elementor-widget-empty,.e-con>.elementor-widget-spacer.elementor-widget-empty{position:relative;min-height:22px;min-width:22px}.e-con-inner>.elementor-widget-spacer.elementor-widget-empty .elementor-widget-empty-icon,.e-con>.elementor-widget-spacer.elementor-widget-empty .elementor-widget-empty-icon{position:absolute;top:0;bottom:0;left:0;right:0;margin:auto;padding:0;width:22px;height:22px}<\/style>\t\t<div class=\"elementor-spacer\">\n\t\t\t<div class=\"elementor-spacer-inner\"><\/div>\n\t\t<\/div>\n\t\t\t\t<\/div>\n\t\t\t\t<\/div>\n\t\t\t\t\t<\/div>\n\t\t\t\t<\/div>\n\t\t<div class=\"elementor-element elementor-element-e5042ea e-flex e-con-boxed e-con e-parent\" data-id=\"e5042ea\" data-element_type=\"container\">\n\t\t\t\t\t<div class=\"e-con-inner\">\n\t\t\t\t<div class=\"elementor-element elementor-element-55e28ac elementor-widget elementor-widget-heading\" data-id=\"55e28ac\" data-element_type=\"widget\" data-widget_type=\"heading.default\">\n\t\t\t\t<div class=\"elementor-widget-container\">\n\t\t\t<style>\/*! elementor - v3.23.0 - 15-07-2024 *\/\n.elementor-heading-title{padding:0;margin:0;line-height:1}.elementor-widget-heading .elementor-heading-title[class*=elementor-size-]>a{color:inherit;font-size:inherit;line-height:inherit}.elementor-widget-heading .elementor-heading-title.elementor-size-small{font-size:15px}.elementor-widget-heading .elementor-heading-title.elementor-size-medium{font-size:19px}.elementor-widget-heading .elementor-heading-title.elementor-size-large{font-size:29px}.elementor-widget-heading .elementor-heading-title.elementor-size-xl{font-size:39px}.elementor-widget-heading .elementor-heading-title.elementor-size-xxl{font-size:59px}<\/style><h2 class=\"elementor-heading-title elementor-size-default\">Programme 2023<\/h2>\t\t<\/div>\n\t\t\t\t<\/div>\n\t\t\t\t\t<\/div>\n\t\t\t\t<\/div>\n\t\t<div class=\"elementor-element elementor-element-398a01a e-grid e-con-boxed e-con e-parent\" data-id=\"398a01a\" data-element_type=\"container\">\n\t\t\t\t\t<div class=\"e-con-inner\">\n\t\t\t\t<div class=\"elementor-element elementor-element-12a1208 elementor-widget elementor-widget-image\" data-id=\"12a1208\" data-element_type=\"widget\" data-widget_type=\"image.default\">\n\t\t\t\t<div class=\"elementor-widget-container\">\n\t\t\t<style>\/*! elementor - v3.23.0 - 15-07-2024 *\/\n.elementor-widget-image{text-align:center}.elementor-widget-image a{display:inline-block}.elementor-widget-image a img[src$=\".svg\"]{width:48px}.elementor-widget-image img{vertical-align:middle;display:inline-block}<\/style>\t\t\t\t\t\t\t\t\t\t<img fetchpriority=\"high\" decoding=\"async\" width=\"724\" height=\"1024\" src=\"https:\/\/activ18.fr\/wp-content\/uploads\/2024\/07\/Petit-Journal_5_p1-724x1024.png\" class=\"attachment-large size-large wp-image-686\" alt=\"\" srcset=\"https:\/\/activ18.fr\/wp-content\/uploads\/2024\/07\/Petit-Journal_5_p1-724x1024.png 724w, https:\/\/activ18.fr\/wp-content\/uploads\/2024\/07\/Petit-Journal_5_p1-212x300.png 212w, https:\/\/activ18.fr\/wp-content\/uploads\/2024\/07\/Petit-Journal_5_p1-768x1086.png 768w, https:\/\/activ18.fr\/wp-content\/uploads\/2024\/07\/Petit-Journal_5_p1-1086x1536.png 1086w, https:\/\/activ18.fr\/wp-content\/uploads\/2024\/07\/Petit-Journal_5_p1.png 1414w\" sizes=\"(max-width: 724px) 100vw, 724px\" \/>\t\t\t\t\t\t\t\t\t\t\t\t\t<\/div>\n\t\t\t\t<\/div>\n\t\t\t\t<div class=\"elementor-element elementor-element-82e2b81 elementor-widget elementor-widget-image\" data-id=\"82e2b81\" data-element_type=\"widget\" data-widget_type=\"image.default\">\n\t\t\t\t<div class=\"elementor-widget-container\">\n\t\t\t\t\t\t\t\t\t\t\t\t\t<img decoding=\"async\" width=\"724\" height=\"1024\" src=\"https:\/\/activ18.fr\/wp-content\/uploads\/2024\/07\/Petit-Journal_6_p1-724x1024.png\" class=\"attachment-large size-large wp-image-687\" alt=\"\" srcset=\"https:\/\/activ18.fr\/wp-content\/uploads\/2024\/07\/Petit-Journal_6_p1-724x1024.png 724w, https:\/\/activ18.fr\/wp-content\/uploads\/2024\/07\/Petit-Journal_6_p1-212x300.png 212w, https:\/\/activ18.fr\/wp-content\/uploads\/2024\/07\/Petit-Journal_6_p1-768x1086.png 768w, https:\/\/activ18.fr\/wp-content\/uploads\/2024\/07\/Petit-Journal_6_p1-1086x1536.png 1086w, https:\/\/activ18.fr\/wp-content\/uploads\/2024\/07\/Petit-Journal_6_p1.png 1414w\" sizes=\"(max-width: 724px) 100vw, 724px\" \/>\t\t\t\t\t\t\t\t\t\t\t\t\t<\/div>\n\t\t\t\t<\/div>\n\t\t\t\t<div class=\"elementor-element elementor-element-98d6c3d elementor-widget elementor-widget-image\" data-id=\"98d6c3d\" data-element_type=\"widget\" data-widget_type=\"image.default\">\n\t\t\t\t<div class=\"elementor-widget-container\">\n\t\t\t\t\t\t\t\t\t\t\t\t\t<img decoding=\"async\" width=\"724\" height=\"1024\" src=\"https:\/\/activ18.fr\/wp-content\/uploads\/2024\/07\/Petit-Journal_6_p2-724x1024.png\" class=\"attachment-large size-large wp-image-694\" alt=\"\" srcset=\"https:\/\/activ18.fr\/wp-content\/uploads\/2024\/07\/Petit-Journal_6_p2-724x1024.png 724w, https:\/\/activ18.fr\/wp-content\/uploads\/2024\/07\/Petit-Journal_6_p2-212x300.png 212w, https:\/\/activ18.fr\/wp-content\/uploads\/2024\/07\/Petit-Journal_6_p2-768x1086.png 768w, https:\/\/activ18.fr\/wp-content\/uploads\/2024\/07\/Petit-Journal_6_p2-1086x1536.png 1086w, https:\/\/activ18.fr\/wp-content\/uploads\/2024\/07\/Petit-Journal_6_p2.png 1414w\" sizes=\"(max-width: 724px) 100vw, 724px\" \/>\t\t\t\t\t\t\t\t\t\t\t\t\t<\/div>\n\t\t\t\t<\/div>\n\t\t\t\t<div class=\"elementor-element elementor-element-2683646 elementor-widget elementor-widget-image\" data-id=\"2683646\" data-element_type=\"widget\" data-widget_type=\"image.default\">\n\t\t\t\t<div class=\"elementor-widget-container\">\n\t\t\t\t\t\t\t\t\t\t\t\t\t<img loading=\"lazy\" decoding=\"async\" width=\"724\" height=\"1024\" src=\"https:\/\/activ18.fr\/wp-content\/uploads\/2024\/07\/Petit-Journal_7_p1-724x1024.png\" class=\"attachment-large size-large wp-image-690\" alt=\"\" srcset=\"https:\/\/activ18.fr\/wp-content\/uploads\/2024\/07\/Petit-Journal_7_p1-724x1024.png 724w, https:\/\/activ18.fr\/wp-content\/uploads\/2024\/07\/Petit-Journal_7_p1-212x300.png 212w, https:\/\/activ18.fr\/wp-content\/uploads\/2024\/07\/Petit-Journal_7_p1-768x1086.png 768w, https:\/\/activ18.fr\/wp-content\/uploads\/2024\/07\/Petit-Journal_7_p1-1086x1536.png 1086w, https:\/\/activ18.fr\/wp-content\/uploads\/2024\/07\/Petit-Journal_7_p1.png 1414w\" sizes=\"(max-width: 724px) 100vw, 724px\" \/>\t\t\t\t\t\t\t\t\t\t\t\t\t<\/div>\n\t\t\t\t<\/div>\n\t\t\t\t<div class=\"elementor-element elementor-element-7398b70 elementor-widget elementor-widget-image\" data-id=\"7398b70\" data-element_type=\"widget\" data-widget_type=\"image.default\">\n\t\t\t\t<div class=\"elementor-widget-container\">\n\t\t\t\t\t\t\t\t\t\t\t\t\t<img loading=\"lazy\" decoding=\"async\" width=\"724\" height=\"1024\" src=\"https:\/\/activ18.fr\/wp-content\/uploads\/2024\/07\/Petit-Journal_7_p2-724x1024.png\" class=\"attachment-large size-large wp-image-691\" alt=\"\" srcset=\"https:\/\/activ18.fr\/wp-content\/uploads\/2024\/07\/Petit-Journal_7_p2-724x1024.png 724w, https:\/\/activ18.fr\/wp-content\/uploads\/2024\/07\/Petit-Journal_7_p2-212x300.png 212w, https:\/\/activ18.fr\/wp-content\/uploads\/2024\/07\/Petit-Journal_7_p2-768x1086.png 768w, https:\/\/activ18.fr\/wp-content\/uploads\/2024\/07\/Petit-Journal_7_p2-1086x1536.png 1086w, https:\/\/activ18.fr\/wp-content\/uploads\/2024\/07\/Petit-Journal_7_p2.png 1414w\" sizes=\"(max-width: 724px) 100vw, 724px\" \/>\t\t\t\t\t\t\t\t\t\t\t\t\t<\/div>\n\t\t\t\t<\/div>\n\t\t\t\t\t<\/div>\n\t\t\t\t<\/div>\n\t\t<div class=\"elementor-element elementor-element-01880d1 e-flex e-con-boxed e-con e-parent\" data-id=\"01880d1\" data-element_type=\"container\">\n\t\t\t\t\t<div class=\"e-con-inner\">\n\t\t\t\t<div class=\"elementor-element elementor-element-ed8f7e4 elementor-widget elementor-widget-spacer\" data-id=\"ed8f7e4\" data-element_type=\"widget\" data-widget_type=\"spacer.default\">\n\t\t\t\t<div class=\"elementor-widget-container\">\n\t\t\t\t\t<div class=\"elementor-spacer\">\n\t\t\t<div class=\"elementor-spacer-inner\"><\/div>\n\t\t<\/div>\n\t\t\t\t<\/div>\n\t\t\t\t<\/div>\n\t\t\t\t\t<\/div>\n\t\t\t\t<\/div>\n\t\t\t\t<\/div>\n\t\t","protected":false},"excerpt":{"rendered":"<p>Programme 2023<\/p>\n","protected":false},"author":1,"featured_media":0,"parent":0,"menu_order":0,"comment_status":"closed","ping_status":"closed","template":"","meta":{"ocean_post_layout":"","ocean_both_sidebars_style":"","ocean_both_sidebars_content_width":0,"ocean_both_sidebars_sidebars_width":0,"ocean_sidebar":"","ocean_second_sidebar":"","ocean_disable_margins":"enable","ocean_add_body_class":"","ocean_shortcode_before_top_bar":"","ocean_shortcode_after_top_bar":"","ocean_shortcode_before_header":"","ocean_shortcode_after_header":"","ocean_has_shortcode":"","ocean_shortcode_after_title":"","ocean_shortcode_before_footer_widgets":"","ocean_shortcode_after_footer_widgets":"","ocean_shortcode_before_footer_bottom":"","ocean_shortcode_after_footer_bottom":"","ocean_display_top_bar":"default","ocean_display_header":"default","ocean_header_style":"","ocean_center_header_left_menu":"","ocean_custom_header_template":"","ocean_custom_logo":0,"ocean_custom_retina_logo":0,"ocean_custom_logo_max_width":0,"ocean_custom_logo_tablet_max_width":0,"ocean_custom_logo_mobile_max_width":0,"ocean_custom_logo_max_height":0,"ocean_custom_logo_tablet_max_height":0,"ocean_custom_logo_mobile_max_height":0,"ocean_header_custom_menu":"","ocean_menu_typo_font_family":"","ocean_menu_typo_font_subset":"","ocean_menu_typo_font_size":0,"ocean_menu_typo_font_size_tablet":0,"ocean_menu_typo_font_size_mobile":0,"ocean_menu_typo_font_size_unit":"px","ocean_menu_typo_font_weight":"","ocean_menu_typo_font_weight_tablet":"","ocean_menu_typo_font_weight_mobile":"","ocean_menu_typo_transform":"","ocean_menu_typo_transform_tablet":"","ocean_menu_typo_transform_mobile":"","ocean_menu_typo_line_height":0,"ocean_menu_typo_line_height_tablet":0,"ocean_menu_typo_line_height_mobile":0,"ocean_menu_typo_line_height_unit":"","ocean_menu_typo_spacing":0,"ocean_menu_typo_spacing_tablet":0,"ocean_menu_typo_spacing_mobile":0,"ocean_menu_typo_spacing_unit":"","ocean_menu_link_color":"","ocean_menu_link_color_hover":"","ocean_menu_link_color_active":"","ocean_menu_link_background":"","ocean_menu_link_hover_background":"","ocean_menu_link_active_background":"","ocean_menu_social_links_bg":"","ocean_menu_social_hover_links_bg":"","ocean_menu_social_links_color":"","ocean_menu_social_hover_links_color":"","ocean_disable_title":"default","ocean_disable_heading":"default","ocean_post_title":"","ocean_post_subheading":"","ocean_post_title_style":"","ocean_post_title_background_color":"","ocean_post_title_background":0,"ocean_post_title_bg_image_position":"","ocean_post_title_bg_image_attachment":"","ocean_post_title_bg_image_repeat":"","ocean_post_title_bg_image_size":"","ocean_post_title_height":0,"ocean_post_title_bg_overlay":0.5,"ocean_post_title_bg_overlay_color":"","ocean_disable_breadcrumbs":"default","ocean_breadcrumbs_color":"","ocean_breadcrumbs_separator_color":"","ocean_breadcrumbs_links_color":"","ocean_breadcrumbs_links_hover_color":"","ocean_display_footer_widgets":"default","ocean_display_footer_bottom":"default","ocean_custom_footer_template":"","footnotes":""},"class_list":["post-55","page","type-page","status-publish","hentry","entry"],"yoast_head":"<!-- This site is optimized with the Yoast SEO plugin v23.0 - https:\/\/yoast.com\/wordpress\/plugins\/seo\/ -->\n<title>Programme 2023 - Actualit\u00e9s - Activ&#039;18<\/title>\n<meta name=\"description\" content=\"Retrouvez tout le programme et l&#039;actualit\u00e9 de l&#039;ann\u00e9e 2023, avec notamment les grandes dates cl\u00e9s \u00e0 retenir, et bien d&#039;autres.\" \/>\n<meta name=\"robots\" content=\"index, follow, max-snippet:-1, max-image-preview:large, max-video-preview:-1\" \/>\n<link rel=\"canonical\" href=\"https:\/\/activ18.fr\/?page_id=55\" \/>\n<meta property=\"og:locale\" content=\"fr_FR\" \/>\n<meta property=\"og:type\" content=\"article\" \/>\n<meta property=\"og:title\" content=\"Programme 2023 - Actualit\u00e9s - Activ&#039;18\" \/>\n<meta property=\"og:description\" content=\"Retrouvez tout le programme et l&#039;actualit\u00e9 de l&#039;ann\u00e9e 2023, avec notamment les grandes dates cl\u00e9s \u00e0 retenir, et bien d&#039;autres.\" \/>\n<meta property=\"og:url\" content=\"https:\/\/activ18.fr\/?page_id=55\" \/>\n<meta property=\"og:site_name\" content=\"Activ&#039;18\" \/>\n<meta property=\"article:publisher\" content=\"https:\/\/www.facebook.com\/profile.php?id=100093334410938\" \/>\n<meta property=\"article:modified_time\" content=\"2024-07-22T07:58:40+00:00\" \/>\n<meta property=\"og:image\" content=\"https:\/\/activ18.fr\/wp-content\/uploads\/2024\/07\/Petit-Journal_5_p1-724x1024.png\" \/>\n<meta name=\"twitter:card\" content=\"summary_large_image\" \/>\n<meta name=\"twitter:label1\" content=\"Dur\u00e9e de lecture estim\u00e9e\" \/>\n\t<meta name=\"twitter:data1\" content=\"2 minutes\" \/>\n<script type=\"application\/ld+json\" class=\"yoast-schema-graph\">{\"@context\":\"https:\/\/schema.org\",\"@graph\":[{\"@type\":\"WebPage\",\"@id\":\"https:\/\/activ18.fr\/?page_id=55\",\"url\":\"https:\/\/activ18.fr\/?page_id=55\",\"name\":\"Programme 2023 - Actualit\u00e9s - Activ'18\",\"isPartOf\":{\"@id\":\"https:\/\/activ18.fr\/#website\"},\"primaryImageOfPage\":{\"@id\":\"https:\/\/activ18.fr\/?page_id=55#primaryimage\"},\"image\":{\"@id\":\"https:\/\/activ18.fr\/?page_id=55#primaryimage\"},\"thumbnailUrl\":\"https:\/\/activ18.fr\/wp-content\/uploads\/2024\/07\/Petit-Journal_5_p1-724x1024.png\",\"datePublished\":\"2024-06-26T10:26:28+00:00\",\"dateModified\":\"2024-07-22T07:58:40+00:00\",\"description\":\"Retrouvez tout le programme et l'actualit\u00e9 de l'ann\u00e9e 2023, avec notamment les grandes dates cl\u00e9s \u00e0 retenir, et bien d'autres.\",\"breadcrumb\":{\"@id\":\"https:\/\/activ18.fr\/?page_id=55#breadcrumb\"},\"inLanguage\":\"fr-FR\",\"potentialAction\":[{\"@type\":\"ReadAction\",\"target\":[\"https:\/\/activ18.fr\/?page_id=55\"]}]},{\"@type\":\"ImageObject\",\"inLanguage\":\"fr-FR\",\"@id\":\"https:\/\/activ18.fr\/?page_id=55#primaryimage\",\"url\":\"https:\/\/activ18.fr\/wp-content\/uploads\/2024\/07\/Petit-Journal_5_p1.png\",\"contentUrl\":\"https:\/\/activ18.fr\/wp-content\/uploads\/2024\/07\/Petit-Journal_5_p1.png\",\"width\":1414,\"height\":2000},{\"@type\":\"BreadcrumbList\",\"@id\":\"https:\/\/activ18.fr\/?page_id=55#breadcrumb\",\"itemListElement\":[{\"@type\":\"ListItem\",\"position\":1,\"name\":\"Accueil\",\"item\":\"https:\/\/activ18.fr\/\"},{\"@type\":\"ListItem\",\"position\":2,\"name\":\"Programme 2023\"}]},{\"@type\":\"WebSite\",\"@id\":\"https:\/\/activ18.fr\/#website\",\"url\":\"https:\/\/activ18.fr\/\",\"name\":\"Activ18\",\"description\":\"Votre association solidaire du 18\u00e8me\",\"publisher\":{\"@id\":\"https:\/\/activ18.fr\/#organization\"},\"potentialAction\":[{\"@type\":\"SearchAction\",\"target\":{\"@type\":\"EntryPoint\",\"urlTemplate\":\"https:\/\/activ18.fr\/?s={search_term_string}\"},\"query-input\":\"required name=search_term_string\"}],\"inLanguage\":\"fr-FR\"},{\"@type\":\"Organization\",\"@id\":\"https:\/\/activ18.fr\/#organization\",\"name\":\"Activ'18\",\"url\":\"https:\/\/activ18.fr\/\",\"logo\":{\"@type\":\"ImageObject\",\"inLanguage\":\"fr-FR\",\"@id\":\"https:\/\/activ18.fr\/#\/schema\/logo\/image\/\",\"url\":\"https:\/\/activ18.fr\/wp-content\/uploads\/2024\/06\/version-large_fond-perdu.png\",\"contentUrl\":\"https:\/\/activ18.fr\/wp-content\/uploads\/2024\/06\/version-large_fond-perdu.png\",\"width\":3508,\"height\":2480,\"caption\":\"Activ'18\"},\"image\":{\"@id\":\"https:\/\/activ18.fr\/#\/schema\/logo\/image\/\"},\"sameAs\":[\"https:\/\/www.facebook.com\/profile.php?id=100093334410938\",\"https:\/\/www.instagram.com\/activ.18\/\"]}]}<\/script>\n<!-- \/ Yoast SEO plugin. -->","yoast_head_json":{"title":"Programme 2023 - Actualit\u00e9s - Activ'18","description":"Retrouvez tout le programme et l'actualit\u00e9 de l'ann\u00e9e 2023, avec notamment les grandes dates cl\u00e9s \u00e0 retenir, et bien d'autres.","robots":{"index":"index","follow":"follow","max-snippet":"max-snippet:-1","max-image-preview":"max-image-preview:large","max-video-preview":"max-video-preview:-1"},"canonical":"https:\/\/activ18.fr\/?page_id=55","og_locale":"fr_FR","og_type":"article","og_title":"Programme 2023 - Actualit\u00e9s - Activ'18","og_description":"Retrouvez tout le programme et l'actualit\u00e9 de l'ann\u00e9e 2023, avec notamment les grandes dates cl\u00e9s \u00e0 retenir, et bien d'autres.","og_url":"https:\/\/activ18.fr\/?page_id=55","og_site_name":"Activ&#039;18","article_publisher":"https:\/\/www.facebook.com\/profile.php?id=100093334410938","article_modified_time":"2024-07-22T07:58:40+00:00","og_image":[{"url":"https:\/\/activ18.fr\/wp-content\/uploads\/2024\/07\/Petit-Journal_5_p1-724x1024.png"}],"twitter_card":"summary_large_image","twitter_misc":{"Dur\u00e9e de lecture estim\u00e9e":"2 minutes"},"schema":{"@context":"https:\/\/schema.org","@graph":[{"@type":"WebPage","@id":"https:\/\/activ18.fr\/?page_id=55","url":"https:\/\/activ18.fr\/?page_id=55","name":"Programme 2023 - Actualit\u00e9s - Activ'18","isPartOf":{"@id":"https:\/\/activ18.fr\/#website"},"primaryImageOfPage":{"@id":"https:\/\/activ18.fr\/?page_id=55#primaryimage"},"image":{"@id":"https:\/\/activ18.fr\/?page_id=55#primaryimage"},"thumbnailUrl":"https:\/\/activ18.fr\/wp-content\/uploads\/2024\/07\/Petit-Journal_5_p1-724x1024.png","datePublished":"2024-06-26T10:26:28+00:00","dateModified":"2024-07-22T07:58:40+00:00","description":"Retrouvez tout le programme et l'actualit\u00e9 de l'ann\u00e9e 2023, avec notamment les grandes dates cl\u00e9s \u00e0 retenir, et bien d'autres.","breadcrumb":{"@id":"https:\/\/activ18.fr\/?page_id=55#breadcrumb"},"inLanguage":"fr-FR","potentialAction":[{"@type":"ReadAction","target":["https:\/\/activ18.fr\/?page_id=55"]}]},{"@type":"ImageObject","inLanguage":"fr-FR","@id":"https:\/\/activ18.fr\/?page_id=55#primaryimage","url":"https:\/\/activ18.fr\/wp-content\/uploads\/2024\/07\/Petit-Journal_5_p1.png","contentUrl":"https:\/\/activ18.fr\/wp-content\/uploads\/2024\/07\/Petit-Journal_5_p1.png","width":1414,"height":2000},{"@type":"BreadcrumbList","@id":"https:\/\/activ18.fr\/?page_id=55#breadcrumb","itemListElement":[{"@type":"ListItem","position":1,"name":"Accueil","item":"https:\/\/activ18.fr\/"},{"@type":"ListItem","position":2,"name":"Programme 2023"}]},{"@type":"WebSite","@id":"https:\/\/activ18.fr\/#website","url":"https:\/\/activ18.fr\/","name":"Activ18","description":"Votre association solidaire du 18\u00e8me","publisher":{"@id":"https:\/\/activ18.fr\/#organization"},"potentialAction":[{"@type":"SearchAction","target":{"@type":"EntryPoint","urlTemplate":"https:\/\/activ18.fr\/?s={search_term_string}"},"query-input":"required name=search_term_string"}],"inLanguage":"fr-FR"},{"@type":"Organization","@id":"https:\/\/activ18.fr\/#organization","name":"Activ'18","url":"https:\/\/activ18.fr\/","logo":{"@type":"ImageObject","inLanguage":"fr-FR","@id":"https:\/\/activ18.fr\/#\/schema\/logo\/image\/","url":"https:\/\/activ18.fr\/wp-content\/uploads\/2024\/06\/version-large_fond-perdu.png","contentUrl":"https:\/\/activ18.fr\/wp-content\/uploads\/2024\/06\/version-large_fond-perdu.png","width":3508,"height":2480,"caption":"Activ'18"},"image":{"@id":"https:\/\/activ18.fr\/#\/schema\/logo\/image\/"},"sameAs":["https:\/\/www.facebook.com\/profile.php?id=100093334410938","https:\/\/www.instagram.com\/activ.18\/"]}]}},"_links":{"self":[{"href":"https:\/\/activ18.fr\/index.php?rest_route=\/wp\/v2\/pages\/55","targetHints":{"allow":["GET"]}}],"collection":[{"href":"https:\/\/activ18.fr\/index.php?rest_route=\/wp\/v2\/pages"}],"about":[{"href":"https:\/\/activ18.fr\/index.php?rest_route=\/wp\/v2\/types\/page"}],"author":[{"embeddable":true,"href":"https:\/\/activ18.fr\/index.php?rest_route=\/wp\/v2\/users\/1"}],"replies":[{"embeddable":true,"href":"https:\/\/activ18.fr\/index.php?rest_route=%2Fwp%2Fv2%2Fcomments&post=55"}],"version-history":[{"count":7,"href":"https:\/\/activ18.fr\/index.php?rest_route=\/wp\/v2\/pages\/55\/revisions"}],"predecessor-version":[{"id":697,"href":"https:\/\/activ18.fr\/index.php?rest_route=\/wp\/v2\/pages\/55\/revisions\/697"}],"wp:attachment":[{"href":"https:\/\/activ18.fr\/index.php?rest_route=%2Fwp%2Fv2%2Fmedia&parent=55"}],"curies":[{"name":"wp","href":"https:\/\/api.w.org\/{rel}","templated":true}]}}