{"id":43,"date":"2024-06-26T12:03:19","date_gmt":"2024-06-26T10:03:19","guid":{"rendered":"https:\/\/activ18.fr\/?page_id=43"},"modified":"2025-04-04T16:18:36","modified_gmt":"2025-04-04T14:18:36","slug":"financements-activ18","status":"publish","type":"page","link":"https:\/\/activ18.fr\/?page_id=43","title":{"rendered":"Financements"},"content":{"rendered":"\t\t<div data-elementor-type=\"wp-page\" data-elementor-id=\"43\" class=\"elementor elementor-43\">\n\t\t\t\t<div class=\"elementor-element elementor-element-e72ebb8 e-flex e-con-boxed e-con e-parent\" data-id=\"e72ebb8\" data-element_type=\"container\">\n\t\t\t\t\t<div class=\"e-con-inner\">\n\t\t\t\t<div class=\"elementor-element elementor-element-6806944 elementor-widget elementor-widget-spacer\" data-id=\"6806944\" data-element_type=\"widget\" data-widget_type=\"spacer.default\">\n\t\t\t\t<div class=\"elementor-widget-container\">\n\t\t\t<style>\/*! elementor - v3.23.0 - 15-07-2024 *\/\n.elementor-column .elementor-spacer-inner{height:var(--spacer-size)}.e-con{--container-widget-width:100%}.e-con-inner>.elementor-widget-spacer,.e-con>.elementor-widget-spacer{width:var(--container-widget-width,var(--spacer-size));--align-self:var(--container-widget-align-self,initial);--flex-shrink:0}.e-con-inner>.elementor-widget-spacer>.elementor-widget-container,.e-con>.elementor-widget-spacer>.elementor-widget-container{height:100%;width:100%}.e-con-inner>.elementor-widget-spacer>.elementor-widget-container>.elementor-spacer,.e-con>.elementor-widget-spacer>.elementor-widget-container>.elementor-spacer{height:100%}.e-con-inner>.elementor-widget-spacer>.elementor-widget-container>.elementor-spacer>.elementor-spacer-inner,.e-con>.elementor-widget-spacer>.elementor-widget-container>.elementor-spacer>.elementor-spacer-inner{height:var(--container-widget-height,var(--spacer-size))}.e-con-inner>.elementor-widget-spacer.elementor-widget-empty,.e-con>.elementor-widget-spacer.elementor-widget-empty{position:relative;min-height:22px;min-width:22px}.e-con-inner>.elementor-widget-spacer.elementor-widget-empty .elementor-widget-empty-icon,.e-con>.elementor-widget-spacer.elementor-widget-empty .elementor-widget-empty-icon{position:absolute;top:0;bottom:0;left:0;right:0;margin:auto;padding:0;width:22px;height:22px}<\/style>\t\t<div class=\"elementor-spacer\">\n\t\t\t<div class=\"elementor-spacer-inner\"><\/div>\n\t\t<\/div>\n\t\t\t\t<\/div>\n\t\t\t\t<\/div>\n\t\t\t\t\t<\/div>\n\t\t\t\t<\/div>\n\t\t<div class=\"elementor-element elementor-element-3b45f6d e-flex e-con-boxed e-con e-parent\" data-id=\"3b45f6d\" data-element_type=\"container\">\n\t\t\t\t\t<div class=\"e-con-inner\">\n\t\t\t\t<div class=\"elementor-element elementor-element-ec8c620 elementor-widget elementor-widget-heading\" data-id=\"ec8c620\" data-element_type=\"widget\" data-widget_type=\"heading.default\">\n\t\t\t\t<div class=\"elementor-widget-container\">\n\t\t\t<style>\/*! elementor - v3.23.0 - 15-07-2024 *\/\n.elementor-heading-title{padding:0;margin:0;line-height:1}.elementor-widget-heading .elementor-heading-title[class*=elementor-size-]>a{color:inherit;font-size:inherit;line-height:inherit}.elementor-widget-heading .elementor-heading-title.elementor-size-small{font-size:15px}.elementor-widget-heading .elementor-heading-title.elementor-size-medium{font-size:19px}.elementor-widget-heading .elementor-heading-title.elementor-size-large{font-size:29px}.elementor-widget-heading .elementor-heading-title.elementor-size-xl{font-size:39px}.elementor-widget-heading .elementor-heading-title.elementor-size-xxl{font-size:59px}<\/style><h2 class=\"elementor-heading-title elementor-size-default\">Financements<\/h2>\t\t<\/div>\n\t\t\t\t<\/div>\n\t\t\t\t\t<\/div>\n\t\t\t\t<\/div>\n\t\t<div class=\"elementor-element elementor-element-52fd31f e-flex e-con-boxed e-con e-parent\" data-id=\"52fd31f\" data-element_type=\"container\">\n\t\t\t\t\t<div class=\"e-con-inner\">\n\t\t\t\t<div class=\"elementor-element elementor-element-112ce5f elementor-widget elementor-widget-spacer\" data-id=\"112ce5f\" data-element_type=\"widget\" data-widget_type=\"spacer.default\">\n\t\t\t\t<div class=\"elementor-widget-container\">\n\t\t\t\t\t<div class=\"elementor-spacer\">\n\t\t\t<div class=\"elementor-spacer-inner\"><\/div>\n\t\t<\/div>\n\t\t\t\t<\/div>\n\t\t\t\t<\/div>\n\t\t\t\t\t<\/div>\n\t\t\t\t<\/div>\n\t\t<div class=\"elementor-element elementor-element-ff24e2b e-grid e-con-boxed e-con e-parent\" data-id=\"ff24e2b\" data-element_type=\"container\">\n\t\t\t\t\t<div class=\"e-con-inner\">\n\t\t\t\t<div class=\"elementor-element elementor-element-7bc71fa elementor-widget elementor-widget-image\" data-id=\"7bc71fa\" data-element_type=\"widget\" data-widget_type=\"image.default\">\n\t\t\t\t<div class=\"elementor-widget-container\">\n\t\t\t<style>\/*! elementor - v3.23.0 - 15-07-2024 *\/\n.elementor-widget-image{text-align:center}.elementor-widget-image a{display:inline-block}.elementor-widget-image a img[src$=\".svg\"]{width:48px}.elementor-widget-image img{vertical-align:middle;display:inline-block}<\/style>\t\t\t\t\t\t\t\t\t\t\t<a href=\"https:\/\/www.paris.fr\/paris-recrute\" target=\"_blank\">\n\t\t\t\t\t\t\t<img fetchpriority=\"high\" decoding=\"async\" width=\"1012\" height=\"1024\" src=\"https:\/\/activ18.fr\/wp-content\/uploads\/2024\/07\/Ville_de_Paris_logo.svg_-1012x1024.png\" class=\"attachment-large size-large wp-image-614\" alt=\"\" srcset=\"https:\/\/activ18.fr\/wp-content\/uploads\/2024\/07\/Ville_de_Paris_logo.svg_-1012x1024.png 1012w, https:\/\/activ18.fr\/wp-content\/uploads\/2024\/07\/Ville_de_Paris_logo.svg_-296x300.png 296w, https:\/\/activ18.fr\/wp-content\/uploads\/2024\/07\/Ville_de_Paris_logo.svg_-768x777.png 768w, https:\/\/activ18.fr\/wp-content\/uploads\/2024\/07\/Ville_de_Paris_logo.svg_-1518x1536.png 1518w, https:\/\/activ18.fr\/wp-content\/uploads\/2024\/07\/Ville_de_Paris_logo.svg_.png 2024w\" sizes=\"(max-width: 1012px) 100vw, 1012px\" \/>\t\t\t\t\t\t\t\t<\/a>\n\t\t\t\t\t\t\t\t\t\t\t\t\t<\/div>\n\t\t\t\t<\/div>\n\t\t\t\t<div class=\"elementor-element elementor-element-9344e0b elementor-widget elementor-widget-image\" data-id=\"9344e0b\" data-element_type=\"widget\" data-widget_type=\"image.default\">\n\t\t\t\t<div class=\"elementor-widget-container\">\n\t\t\t\t\t\t\t\t\t\t\t\t\t\t<a href=\"https:\/\/mairie18.paris.fr\/\" target=\"_blank\">\n\t\t\t\t\t\t\t<img decoding=\"async\" width=\"200\" height=\"217\" src=\"https:\/\/activ18.fr\/wp-content\/uploads\/2024\/07\/18.png\" class=\"attachment-large size-large wp-image-610\" alt=\"Logo Mairie du 18e\" \/>\t\t\t\t\t\t\t\t<\/a>\n\t\t\t\t\t\t\t\t\t\t\t\t\t<\/div>\n\t\t\t\t<\/div>\n\t\t\t\t<div class=\"elementor-element elementor-element-2c1ce3e elementor-widget elementor-widget-image\" data-id=\"2c1ce3e\" data-element_type=\"widget\" data-widget_type=\"image.default\">\n\t\t\t\t<div class=\"elementor-widget-container\">\n\t\t\t\t\t\t\t\t\t\t\t\t\t\t<a href=\"https:\/\/dons.fondationdefrance.org\/page\/mono?cid=814&#038;reserved_code_media=PPEW40ZZ1&#038;gad_source=1&#038;gclid=CjwKCAjw4_K0BhBsEiwAfVVZ__cxNnRpVYUIT8qPLJ-QbEZvVaesWvjKJMdxw2obGJCf3quVIhoLXRoC7DMQAvD_BwE\" target=\"_blank\">\n\t\t\t\t\t\t\t<img decoding=\"async\" width=\"301\" height=\"400\" src=\"https:\/\/activ18.fr\/wp-content\/uploads\/2024\/07\/Fondation-de-paris.png\" class=\"attachment-large size-large wp-image-565\" alt=\"logo Fondation de France\" srcset=\"https:\/\/activ18.fr\/wp-content\/uploads\/2024\/07\/Fondation-de-paris.png 301w, https:\/\/activ18.fr\/wp-content\/uploads\/2024\/07\/Fondation-de-paris-226x300.png 226w\" sizes=\"(max-width: 301px) 100vw, 301px\" \/>\t\t\t\t\t\t\t\t<\/a>\n\t\t\t\t\t\t\t\t\t\t\t\t\t<\/div>\n\t\t\t\t<\/div>\n\t\t\t\t<div class=\"elementor-element elementor-element-3d28297 elementor-widget elementor-widget-image\" data-id=\"3d28297\" data-element_type=\"widget\" data-widget_type=\"image.default\">\n\t\t\t\t<div class=\"elementor-widget-container\">\n\t\t\t\t\t\t\t\t\t\t\t\t\t\t<a href=\"https:\/\/european-union.europa.eu\/index_fr\" target=\"_blank\">\n\t\t\t\t\t\t\t<img loading=\"lazy\" decoding=\"async\" width=\"910\" height=\"922\" src=\"https:\/\/activ18.fr\/wp-content\/uploads\/2024\/07\/Cofinance-par-l-Union-europeenne.png\" class=\"attachment-large size-large wp-image-626\" alt=\"\" srcset=\"https:\/\/activ18.fr\/wp-content\/uploads\/2024\/07\/Cofinance-par-l-Union-europeenne.png 910w, https:\/\/activ18.fr\/wp-content\/uploads\/2024\/07\/Cofinance-par-l-Union-europeenne-296x300.png 296w, https:\/\/activ18.fr\/wp-content\/uploads\/2024\/07\/Cofinance-par-l-Union-europeenne-768x778.png 768w\" sizes=\"(max-width: 910px) 100vw, 910px\" \/>\t\t\t\t\t\t\t\t<\/a>\n\t\t\t\t\t\t\t\t\t\t\t\t\t<\/div>\n\t\t\t\t<\/div>\n\t\t\t\t\t<\/div>\n\t\t\t\t<\/div>\n\t\t<div class=\"elementor-element elementor-element-aed8727 e-flex e-con-boxed e-con e-parent\" data-id=\"aed8727\" data-element_type=\"container\">\n\t\t\t\t\t<div class=\"e-con-inner\">\n\t\t\t\t<div class=\"elementor-element elementor-element-0c4d293 elementor-widget elementor-widget-text-editor\" data-id=\"0c4d293\" data-element_type=\"widget\" data-widget_type=\"text-editor.default\">\n\t\t\t\t<div class=\"elementor-widget-container\">\n\t\t\t<style>\/*! elementor - v3.23.0 - 15-07-2024 *\/\n.elementor-widget-text-editor.elementor-drop-cap-view-stacked .elementor-drop-cap{background-color:#69727d;color:#fff}.elementor-widget-text-editor.elementor-drop-cap-view-framed .elementor-drop-cap{color:#69727d;border:3px solid;background-color:transparent}.elementor-widget-text-editor:not(.elementor-drop-cap-view-default) .elementor-drop-cap{margin-top:8px}.elementor-widget-text-editor:not(.elementor-drop-cap-view-default) .elementor-drop-cap-letter{width:1em;height:1em}.elementor-widget-text-editor .elementor-drop-cap{float:left;text-align:center;line-height:1;font-size:50px}.elementor-widget-text-editor .elementor-drop-cap-letter{display:inline-block}<\/style>\t\t\t\t<p><b>\u00a0<\/b><\/p><p><b>\u2b50<img decoding=\"async\" class=\"emoji\" role=\"img\" draggable=\"false\" src=\"https:\/\/s.w.org\/images\/core\/emoji\/15.0.3\/svg\/1f1ea-1f1fa.svg\" alt=\"\ud83c\uddea\ud83c\uddfa\" \/> <a href=\"https:\/\/european-union.europa.eu\/index_fr\">https:\/\/european-union.europa.eu\/index_fr <\/a>soutient le d\u00e9veloppement et la structuration d\u2019Activ\u201918 !<\/b><\/p><p>Activ&rsquo;18, Entreprise \u00e0 But d\u2019Emploi, agit au c\u0153ur des quartiers Charles-Hermitte et Valentin Abeille du 18e arrondissement parisien pour cr\u00e9er et p\u00e9renniser des emplois utiles et inclusifs, r\u00e9pondant aux aspirations et savoir-faire de ses salari\u00e9s.<\/p><p>Gr\u00e2ce au soutien structurant du Fonds social europ\u00e9en + (FSE+) , nous poursuivons 3 objectifs principaux sur la p\u00e9riode septembre 2023 &gt; d\u00e9cembre 2025 :<\/p><p>1\ufe0f\u20e3 Cr\u00e9er des emplois suppl\u00e9mentaires en identifiant des activit\u00e9s nouvelles avec les acteurs locaux, notamment autour du lien social et de la transition \u00e9cologique.<\/p><p>2\ufe0f\u20e3 Adapter les missions pour r\u00e9pondre aux profils des demandeurs d\u2019emploi, en organisant un accompagnement de proximit\u00e9 et un suivi individualis\u00e9 des salari\u00e9s.<\/p><p>3\ufe0f\u20e3 \u00c9valuer et capitaliser cette d\u00e9marche pour la p\u00e9renniser, partager nos pratiques et favoriser son extension \u00e0 d\u2019autres territoires et acteurs.<\/p><p>Avec l\u2019appui de nos partenaires : Ville de Paris, Mairie du 18e, Territoires z\u00e9ro ch\u00f4meur de longue dur\u00e9e et LA PILE nous consolidons notre r\u00f4le de laboratoire d\u2019innovation sociale et d\u2019insertion sur le territoire.<\/p><p>\u00a0<\/p>\t\t\t\t\t\t<\/div>\n\t\t\t\t<\/div>\n\t\t\t\t\t<\/div>\n\t\t\t\t<\/div>\n\t\t\t\t<\/div>\n\t\t","protected":false},"excerpt":{"rendered":"<p>Financements \u00a0 \u2b50 https:\/\/european-union.europa.eu\/index_fr soutient le d\u00e9veloppement et la structuration d\u2019Activ\u201918 ! Activ&rsquo;18, Entreprise \u00e0 But d\u2019Emploi, agit au c\u0153ur des quartiers Charles-Hermitte et Valentin Abeille du 18e arrondissement parisien pour cr\u00e9er et p\u00e9renniser des emplois utiles et inclusifs, r\u00e9pondant aux aspirations et savoir-faire de ses salari\u00e9s. Gr\u00e2ce au soutien structurant du Fonds social europ\u00e9en [&hellip;]<\/p>\n","protected":false},"author":1,"featured_media":0,"parent":0,"menu_order":0,"comment_status":"closed","ping_status":"closed","template":"","meta":{"ocean_post_layout":"","ocean_both_sidebars_style":"","ocean_both_sidebars_content_width":0,"ocean_both_sidebars_sidebars_width":0,"ocean_sidebar":"","ocean_second_sidebar":"","ocean_disable_margins":"enable","ocean_add_body_class":"","ocean_shortcode_before_top_bar":"","ocean_shortcode_after_top_bar":"","ocean_shortcode_before_header":"","ocean_shortcode_after_header":"","ocean_has_shortcode":"","ocean_shortcode_after_title":"","ocean_shortcode_before_footer_widgets":"","ocean_shortcode_after_footer_widgets":"","ocean_shortcode_before_footer_bottom":"","ocean_shortcode_after_footer_bottom":"","ocean_display_top_bar":"default","ocean_display_header":"default","ocean_header_style":"","ocean_center_header_left_menu":"","ocean_custom_header_template":"","ocean_custom_logo":0,"ocean_custom_retina_logo":0,"ocean_custom_logo_max_width":0,"ocean_custom_logo_tablet_max_width":0,"ocean_custom_logo_mobile_max_width":0,"ocean_custom_logo_max_height":0,"ocean_custom_logo_tablet_max_height":0,"ocean_custom_logo_mobile_max_height":0,"ocean_header_custom_menu":"","ocean_menu_typo_font_family":"","ocean_menu_typo_font_subset":"","ocean_menu_typo_font_size":0,"ocean_menu_typo_font_size_tablet":0,"ocean_menu_typo_font_size_mobile":0,"ocean_menu_typo_font_size_unit":"px","ocean_menu_typo_font_weight":"","ocean_menu_typo_font_weight_tablet":"","ocean_menu_typo_font_weight_mobile":"","ocean_menu_typo_transform":"","ocean_menu_typo_transform_tablet":"","ocean_menu_typo_transform_mobile":"","ocean_menu_typo_line_height":0,"ocean_menu_typo_line_height_tablet":0,"ocean_menu_typo_line_height_mobile":0,"ocean_menu_typo_line_height_unit":"","ocean_menu_typo_spacing":0,"ocean_menu_typo_spacing_tablet":0,"ocean_menu_typo_spacing_mobile":0,"ocean_menu_typo_spacing_unit":"","ocean_menu_link_color":"","ocean_menu_link_color_hover":"","ocean_menu_link_color_active":"","ocean_menu_link_background":"","ocean_menu_link_hover_background":"","ocean_menu_link_active_background":"","ocean_menu_social_links_bg":"","ocean_menu_social_hover_links_bg":"","ocean_menu_social_links_color":"","ocean_menu_social_hover_links_color":"","ocean_disable_title":"default","ocean_disable_heading":"default","ocean_post_title":"","ocean_post_subheading":"","ocean_post_title_style":"","ocean_post_title_background_color":"","ocean_post_title_background":0,"ocean_post_title_bg_image_position":"","ocean_post_title_bg_image_attachment":"","ocean_post_title_bg_image_repeat":"","ocean_post_title_bg_image_size":"","ocean_post_title_height":0,"ocean_post_title_bg_overlay":0.5,"ocean_post_title_bg_overlay_color":"","ocean_disable_breadcrumbs":"default","ocean_breadcrumbs_color":"","ocean_breadcrumbs_separator_color":"","ocean_breadcrumbs_links_color":"","ocean_breadcrumbs_links_hover_color":"","ocean_display_footer_widgets":"default","ocean_display_footer_bottom":"default","ocean_custom_footer_template":"","footnotes":""},"class_list":["post-43","page","type-page","status-publish","hentry","entry"],"yoast_head":"<!-- This site is optimized with the Yoast SEO plugin v23.0 - https:\/\/yoast.com\/wordpress\/plugins\/seo\/ -->\n<title>Financements - Association - Activ&#039;18<\/title>\n<meta name=\"description\" content=\"Activ&#039;18 est financ\u00e9 par la Mairie de Paris, la Mairie du 18\u00e8me et la Fondation de France.\" \/>\n<meta name=\"robots\" content=\"index, follow, max-snippet:-1, max-image-preview:large, max-video-preview:-1\" \/>\n<link rel=\"canonical\" href=\"https:\/\/activ18.fr\/?page_id=43\" \/>\n<meta property=\"og:locale\" content=\"fr_FR\" \/>\n<meta property=\"og:type\" content=\"article\" \/>\n<meta property=\"og:title\" content=\"Financements - Association - Activ&#039;18\" \/>\n<meta property=\"og:description\" content=\"Activ&#039;18 est financ\u00e9 par la Mairie de Paris, la Mairie du 18\u00e8me et la Fondation de France.\" \/>\n<meta property=\"og:url\" content=\"https:\/\/activ18.fr\/?page_id=43\" \/>\n<meta property=\"og:site_name\" content=\"Activ&#039;18\" \/>\n<meta property=\"article:publisher\" content=\"https:\/\/www.facebook.com\/profile.php?id=100093334410938\" \/>\n<meta property=\"article:modified_time\" content=\"2025-04-04T14:18:36+00:00\" \/>\n<meta property=\"og:image\" content=\"https:\/\/activ18.fr\/wp-content\/uploads\/2024\/07\/Ville_de_Paris_logo.svg_-1012x1024.png\" \/>\n<meta name=\"twitter:card\" content=\"summary_large_image\" \/>\n<meta name=\"twitter:label1\" content=\"Dur\u00e9e de lecture estim\u00e9e\" \/>\n\t<meta name=\"twitter:data1\" content=\"2 minutes\" \/>\n<script type=\"application\/ld+json\" class=\"yoast-schema-graph\">{\"@context\":\"https:\/\/schema.org\",\"@graph\":[{\"@type\":\"WebPage\",\"@id\":\"https:\/\/activ18.fr\/?page_id=43\",\"url\":\"https:\/\/activ18.fr\/?page_id=43\",\"name\":\"Financements - Association - Activ'18\",\"isPartOf\":{\"@id\":\"https:\/\/activ18.fr\/#website\"},\"primaryImageOfPage\":{\"@id\":\"https:\/\/activ18.fr\/?page_id=43#primaryimage\"},\"image\":{\"@id\":\"https:\/\/activ18.fr\/?page_id=43#primaryimage\"},\"thumbnailUrl\":\"https:\/\/activ18.fr\/wp-content\/uploads\/2024\/07\/Ville_de_Paris_logo.svg_-1012x1024.png\",\"datePublished\":\"2024-06-26T10:03:19+00:00\",\"dateModified\":\"2025-04-04T14:18:36+00:00\",\"description\":\"Activ'18 est financ\u00e9 par la Mairie de Paris, la Mairie du 18\u00e8me et la Fondation de France.\",\"breadcrumb\":{\"@id\":\"https:\/\/activ18.fr\/?page_id=43#breadcrumb\"},\"inLanguage\":\"fr-FR\",\"potentialAction\":[{\"@type\":\"ReadAction\",\"target\":[\"https:\/\/activ18.fr\/?page_id=43\"]}]},{\"@type\":\"ImageObject\",\"inLanguage\":\"fr-FR\",\"@id\":\"https:\/\/activ18.fr\/?page_id=43#primaryimage\",\"url\":\"https:\/\/activ18.fr\/wp-content\/uploads\/2024\/07\/Ville_de_Paris_logo.svg_.png\",\"contentUrl\":\"https:\/\/activ18.fr\/wp-content\/uploads\/2024\/07\/Ville_de_Paris_logo.svg_.png\",\"width\":2024,\"height\":2048},{\"@type\":\"BreadcrumbList\",\"@id\":\"https:\/\/activ18.fr\/?page_id=43#breadcrumb\",\"itemListElement\":[{\"@type\":\"ListItem\",\"position\":1,\"name\":\"Accueil\",\"item\":\"https:\/\/activ18.fr\/\"},{\"@type\":\"ListItem\",\"position\":2,\"name\":\"Financements\"}]},{\"@type\":\"WebSite\",\"@id\":\"https:\/\/activ18.fr\/#website\",\"url\":\"https:\/\/activ18.fr\/\",\"name\":\"Activ18\",\"description\":\"Votre association solidaire du 18\u00e8me\",\"publisher\":{\"@id\":\"https:\/\/activ18.fr\/#organization\"},\"potentialAction\":[{\"@type\":\"SearchAction\",\"target\":{\"@type\":\"EntryPoint\",\"urlTemplate\":\"https:\/\/activ18.fr\/?s={search_term_string}\"},\"query-input\":\"required name=search_term_string\"}],\"inLanguage\":\"fr-FR\"},{\"@type\":\"Organization\",\"@id\":\"https:\/\/activ18.fr\/#organization\",\"name\":\"Activ'18\",\"url\":\"https:\/\/activ18.fr\/\",\"logo\":{\"@type\":\"ImageObject\",\"inLanguage\":\"fr-FR\",\"@id\":\"https:\/\/activ18.fr\/#\/schema\/logo\/image\/\",\"url\":\"https:\/\/activ18.fr\/wp-content\/uploads\/2024\/06\/version-large_fond-perdu.png\",\"contentUrl\":\"https:\/\/activ18.fr\/wp-content\/uploads\/2024\/06\/version-large_fond-perdu.png\",\"width\":3508,\"height\":2480,\"caption\":\"Activ'18\"},\"image\":{\"@id\":\"https:\/\/activ18.fr\/#\/schema\/logo\/image\/\"},\"sameAs\":[\"https:\/\/www.facebook.com\/profile.php?id=100093334410938\",\"https:\/\/www.instagram.com\/activ.18\/\"]}]}<\/script>\n<!-- \/ Yoast SEO plugin. -->","yoast_head_json":{"title":"Financements - Association - Activ'18","description":"Activ'18 est financ\u00e9 par la Mairie de Paris, la Mairie du 18\u00e8me et la Fondation de France.","robots":{"index":"index","follow":"follow","max-snippet":"max-snippet:-1","max-image-preview":"max-image-preview:large","max-video-preview":"max-video-preview:-1"},"canonical":"https:\/\/activ18.fr\/?page_id=43","og_locale":"fr_FR","og_type":"article","og_title":"Financements - Association - Activ'18","og_description":"Activ'18 est financ\u00e9 par la Mairie de Paris, la Mairie du 18\u00e8me et la Fondation de France.","og_url":"https:\/\/activ18.fr\/?page_id=43","og_site_name":"Activ&#039;18","article_publisher":"https:\/\/www.facebook.com\/profile.php?id=100093334410938","article_modified_time":"2025-04-04T14:18:36+00:00","og_image":[{"url":"https:\/\/activ18.fr\/wp-content\/uploads\/2024\/07\/Ville_de_Paris_logo.svg_-1012x1024.png"}],"twitter_card":"summary_large_image","twitter_misc":{"Dur\u00e9e de lecture estim\u00e9e":"2 minutes"},"schema":{"@context":"https:\/\/schema.org","@graph":[{"@type":"WebPage","@id":"https:\/\/activ18.fr\/?page_id=43","url":"https:\/\/activ18.fr\/?page_id=43","name":"Financements - Association - Activ'18","isPartOf":{"@id":"https:\/\/activ18.fr\/#website"},"primaryImageOfPage":{"@id":"https:\/\/activ18.fr\/?page_id=43#primaryimage"},"image":{"@id":"https:\/\/activ18.fr\/?page_id=43#primaryimage"},"thumbnailUrl":"https:\/\/activ18.fr\/wp-content\/uploads\/2024\/07\/Ville_de_Paris_logo.svg_-1012x1024.png","datePublished":"2024-06-26T10:03:19+00:00","dateModified":"2025-04-04T14:18:36+00:00","description":"Activ'18 est financ\u00e9 par la Mairie de Paris, la Mairie du 18\u00e8me et la Fondation de France.","breadcrumb":{"@id":"https:\/\/activ18.fr\/?page_id=43#breadcrumb"},"inLanguage":"fr-FR","potentialAction":[{"@type":"ReadAction","target":["https:\/\/activ18.fr\/?page_id=43"]}]},{"@type":"ImageObject","inLanguage":"fr-FR","@id":"https:\/\/activ18.fr\/?page_id=43#primaryimage","url":"https:\/\/activ18.fr\/wp-content\/uploads\/2024\/07\/Ville_de_Paris_logo.svg_.png","contentUrl":"https:\/\/activ18.fr\/wp-content\/uploads\/2024\/07\/Ville_de_Paris_logo.svg_.png","width":2024,"height":2048},{"@type":"BreadcrumbList","@id":"https:\/\/activ18.fr\/?page_id=43#breadcrumb","itemListElement":[{"@type":"ListItem","position":1,"name":"Accueil","item":"https:\/\/activ18.fr\/"},{"@type":"ListItem","position":2,"name":"Financements"}]},{"@type":"WebSite","@id":"https:\/\/activ18.fr\/#website","url":"https:\/\/activ18.fr\/","name":"Activ18","description":"Votre association solidaire du 18\u00e8me","publisher":{"@id":"https:\/\/activ18.fr\/#organization"},"potentialAction":[{"@type":"SearchAction","target":{"@type":"EntryPoint","urlTemplate":"https:\/\/activ18.fr\/?s={search_term_string}"},"query-input":"required name=search_term_string"}],"inLanguage":"fr-FR"},{"@type":"Organization","@id":"https:\/\/activ18.fr\/#organization","name":"Activ'18","url":"https:\/\/activ18.fr\/","logo":{"@type":"ImageObject","inLanguage":"fr-FR","@id":"https:\/\/activ18.fr\/#\/schema\/logo\/image\/","url":"https:\/\/activ18.fr\/wp-content\/uploads\/2024\/06\/version-large_fond-perdu.png","contentUrl":"https:\/\/activ18.fr\/wp-content\/uploads\/2024\/06\/version-large_fond-perdu.png","width":3508,"height":2480,"caption":"Activ'18"},"image":{"@id":"https:\/\/activ18.fr\/#\/schema\/logo\/image\/"},"sameAs":["https:\/\/www.facebook.com\/profile.php?id=100093334410938","https:\/\/www.instagram.com\/activ.18\/"]}]}},"_links":{"self":[{"href":"https:\/\/activ18.fr\/index.php?rest_route=\/wp\/v2\/pages\/43","targetHints":{"allow":["GET"]}}],"collection":[{"href":"https:\/\/activ18.fr\/index.php?rest_route=\/wp\/v2\/pages"}],"about":[{"href":"https:\/\/activ18.fr\/index.php?rest_route=\/wp\/v2\/types\/page"}],"author":[{"embeddable":true,"href":"https:\/\/activ18.fr\/index.php?rest_route=\/wp\/v2\/users\/1"}],"replies":[{"embeddable":true,"href":"https:\/\/activ18.fr\/index.php?rest_route=%2Fwp%2Fv2%2Fcomments&post=43"}],"version-history":[{"count":16,"href":"https:\/\/activ18.fr\/index.php?rest_route=\/wp\/v2\/pages\/43\/revisions"}],"predecessor-version":[{"id":736,"href":"https:\/\/activ18.fr\/index.php?rest_route=\/wp\/v2\/pages\/43\/revisions\/736"}],"wp:attachment":[{"href":"https:\/\/activ18.fr\/index.php?rest_route=%2Fwp%2Fv2%2Fmedia&parent=43"}],"curies":[{"name":"wp","href":"https:\/\/api.w.org\/{rel}","templated":true}]}}