{"id":37,"date":"2024-06-26T11:38:18","date_gmt":"2024-06-26T09:38:18","guid":{"rendered":"https:\/\/activ18.fr\/?page_id=37"},"modified":"2024-07-22T05:19:02","modified_gmt":"2024-07-22T03:19:02","slug":"lequipe-association-activ18","status":"publish","type":"page","link":"https:\/\/activ18.fr\/?page_id=37","title":{"rendered":"L&rsquo;\u00e9quipe"},"content":{"rendered":"\t\t<div data-elementor-type=\"wp-page\" data-elementor-id=\"37\" class=\"elementor elementor-37\">\n\t\t\t\t<div class=\"elementor-element elementor-element-e5103d4 e-flex e-con-boxed e-con e-parent\" data-id=\"e5103d4\" data-element_type=\"container\">\n\t\t\t\t\t<div class=\"e-con-inner\">\n\t\t\t\t<div class=\"elementor-element elementor-element-8ddca83 elementor-widget elementor-widget-spacer\" data-id=\"8ddca83\" data-element_type=\"widget\" data-widget_type=\"spacer.default\">\n\t\t\t\t<div class=\"elementor-widget-container\">\n\t\t\t<style>\/*! elementor - v3.23.0 - 15-07-2024 *\/\n.elementor-column .elementor-spacer-inner{height:var(--spacer-size)}.e-con{--container-widget-width:100%}.e-con-inner>.elementor-widget-spacer,.e-con>.elementor-widget-spacer{width:var(--container-widget-width,var(--spacer-size));--align-self:var(--container-widget-align-self,initial);--flex-shrink:0}.e-con-inner>.elementor-widget-spacer>.elementor-widget-container,.e-con>.elementor-widget-spacer>.elementor-widget-container{height:100%;width:100%}.e-con-inner>.elementor-widget-spacer>.elementor-widget-container>.elementor-spacer,.e-con>.elementor-widget-spacer>.elementor-widget-container>.elementor-spacer{height:100%}.e-con-inner>.elementor-widget-spacer>.elementor-widget-container>.elementor-spacer>.elementor-spacer-inner,.e-con>.elementor-widget-spacer>.elementor-widget-container>.elementor-spacer>.elementor-spacer-inner{height:var(--container-widget-height,var(--spacer-size))}.e-con-inner>.elementor-widget-spacer.elementor-widget-empty,.e-con>.elementor-widget-spacer.elementor-widget-empty{position:relative;min-height:22px;min-width:22px}.e-con-inner>.elementor-widget-spacer.elementor-widget-empty .elementor-widget-empty-icon,.e-con>.elementor-widget-spacer.elementor-widget-empty .elementor-widget-empty-icon{position:absolute;top:0;bottom:0;left:0;right:0;margin:auto;padding:0;width:22px;height:22px}<\/style>\t\t<div class=\"elementor-spacer\">\n\t\t\t<div class=\"elementor-spacer-inner\"><\/div>\n\t\t<\/div>\n\t\t\t\t<\/div>\n\t\t\t\t<\/div>\n\t\t\t\t\t<\/div>\n\t\t\t\t<\/div>\n\t\t<div class=\"elementor-element elementor-element-5647cd5 e-flex e-con-boxed e-con e-parent\" data-id=\"5647cd5\" data-element_type=\"container\">\n\t\t\t\t\t<div class=\"e-con-inner\">\n\t\t\t\t<div class=\"elementor-element elementor-element-0365462 elementor-widget elementor-widget-heading\" data-id=\"0365462\" data-element_type=\"widget\" data-widget_type=\"heading.default\">\n\t\t\t\t<div class=\"elementor-widget-container\">\n\t\t\t<style>\/*! elementor - v3.23.0 - 15-07-2024 *\/\n.elementor-heading-title{padding:0;margin:0;line-height:1}.elementor-widget-heading .elementor-heading-title[class*=elementor-size-]>a{color:inherit;font-size:inherit;line-height:inherit}.elementor-widget-heading .elementor-heading-title.elementor-size-small{font-size:15px}.elementor-widget-heading .elementor-heading-title.elementor-size-medium{font-size:19px}.elementor-widget-heading .elementor-heading-title.elementor-size-large{font-size:29px}.elementor-widget-heading .elementor-heading-title.elementor-size-xl{font-size:39px}.elementor-widget-heading .elementor-heading-title.elementor-size-xxl{font-size:59px}<\/style><h2 class=\"elementor-heading-title elementor-size-default\">L'\u00e9quipe Activ'18<\/h2>\t\t<\/div>\n\t\t\t\t<\/div>\n\t\t\t\t\t<\/div>\n\t\t\t\t<\/div>\n\t\t<div class=\"elementor-element elementor-element-dc49610 e-flex e-con-boxed e-con e-parent\" data-id=\"dc49610\" data-element_type=\"container\">\n\t\t\t\t\t<div class=\"e-con-inner\">\n\t\t\t\t<div class=\"elementor-element elementor-element-c087e04 elementor-widget elementor-widget-spacer\" data-id=\"c087e04\" data-element_type=\"widget\" data-widget_type=\"spacer.default\">\n\t\t\t\t<div class=\"elementor-widget-container\">\n\t\t\t\t\t<div class=\"elementor-spacer\">\n\t\t\t<div class=\"elementor-spacer-inner\"><\/div>\n\t\t<\/div>\n\t\t\t\t<\/div>\n\t\t\t\t<\/div>\n\t\t\t\t\t<\/div>\n\t\t\t\t<\/div>\n\t\t<div class=\"elementor-element elementor-element-524f0b5 e-flex e-con-boxed e-con e-parent\" data-id=\"524f0b5\" data-element_type=\"container\">\n\t\t\t\t\t<div class=\"e-con-inner\">\n\t\t\t\t<div class=\"elementor-element elementor-element-628814c elementor-widget elementor-widget-image\" data-id=\"628814c\" data-element_type=\"widget\" data-widget_type=\"image.default\">\n\t\t\t\t<div class=\"elementor-widget-container\">\n\t\t\t<style>\/*! elementor - v3.23.0 - 15-07-2024 *\/\n.elementor-widget-image{text-align:center}.elementor-widget-image a{display:inline-block}.elementor-widget-image a img[src$=\".svg\"]{width:48px}.elementor-widget-image img{vertical-align:middle;display:inline-block}<\/style>\t\t\t\t\t\t\t\t\t\t<img fetchpriority=\"high\" decoding=\"async\" width=\"706\" height=\"1024\" src=\"https:\/\/activ18.fr\/wp-content\/uploads\/2024\/07\/Capture-decran-2024-07-22-051536-706x1024.png\" class=\"attachment-large size-large wp-image-601\" alt=\"L&#039;\u00e9quipe d&#039;Activ&#039;18\" srcset=\"https:\/\/activ18.fr\/wp-content\/uploads\/2024\/07\/Capture-decran-2024-07-22-051536-706x1024.png 706w, https:\/\/activ18.fr\/wp-content\/uploads\/2024\/07\/Capture-decran-2024-07-22-051536-207x300.png 207w, https:\/\/activ18.fr\/wp-content\/uploads\/2024\/07\/Capture-decran-2024-07-22-051536-768x1114.png 768w, https:\/\/activ18.fr\/wp-content\/uploads\/2024\/07\/Capture-decran-2024-07-22-051536-1059x1536.png 1059w, https:\/\/activ18.fr\/wp-content\/uploads\/2024\/07\/Capture-decran-2024-07-22-051536.png 1233w\" sizes=\"(max-width: 706px) 100vw, 706px\" \/>\t\t\t\t\t\t\t\t\t\t\t\t\t<\/div>\n\t\t\t\t<\/div>\n\t\t\t\t\t<\/div>\n\t\t\t\t<\/div>\n\t\t<div class=\"elementor-element elementor-element-5270462 e-flex e-con-boxed e-con e-parent\" data-id=\"5270462\" data-element_type=\"container\">\n\t\t\t\t\t<div class=\"e-con-inner\">\n\t\t\t\t<div class=\"elementor-element elementor-element-baadb88 elementor-widget elementor-widget-spacer\" data-id=\"baadb88\" data-element_type=\"widget\" data-widget_type=\"spacer.default\">\n\t\t\t\t<div class=\"elementor-widget-container\">\n\t\t\t\t\t<div class=\"elementor-spacer\">\n\t\t\t<div class=\"elementor-spacer-inner\"><\/div>\n\t\t<\/div>\n\t\t\t\t<\/div>\n\t\t\t\t<\/div>\n\t\t\t\t\t<\/div>\n\t\t\t\t<\/div>\n\t\t\t\t<\/div>\n\t\t","protected":false},"excerpt":{"rendered":"<p>L&rsquo;\u00e9quipe Activ&rsquo;18<\/p>\n","protected":false},"author":1,"featured_media":0,"parent":0,"menu_order":0,"comment_status":"closed","ping_status":"closed","template":"","meta":{"ocean_post_layout":"","ocean_both_sidebars_style":"","ocean_both_sidebars_content_width":0,"ocean_both_sidebars_sidebars_width":0,"ocean_sidebar":"","ocean_second_sidebar":"","ocean_disable_margins":"enable","ocean_add_body_class":"","ocean_shortcode_before_top_bar":"","ocean_shortcode_after_top_bar":"","ocean_shortcode_before_header":"","ocean_shortcode_after_header":"","ocean_has_shortcode":"","ocean_shortcode_after_title":"","ocean_shortcode_before_footer_widgets":"","ocean_shortcode_after_footer_widgets":"","ocean_shortcode_before_footer_bottom":"","ocean_shortcode_after_footer_bottom":"","ocean_display_top_bar":"default","ocean_display_header":"default","ocean_header_style":"","ocean_center_header_left_menu":"","ocean_custom_header_template":"","ocean_custom_logo":0,"ocean_custom_retina_logo":0,"ocean_custom_logo_max_width":0,"ocean_custom_logo_tablet_max_width":0,"ocean_custom_logo_mobile_max_width":0,"ocean_custom_logo_max_height":0,"ocean_custom_logo_tablet_max_height":0,"ocean_custom_logo_mobile_max_height":0,"ocean_header_custom_menu":"","ocean_menu_typo_font_family":"","ocean_menu_typo_font_subset":"","ocean_menu_typo_font_size":0,"ocean_menu_typo_font_size_tablet":0,"ocean_menu_typo_font_size_mobile":0,"ocean_menu_typo_font_size_unit":"px","ocean_menu_typo_font_weight":"","ocean_menu_typo_font_weight_tablet":"","ocean_menu_typo_font_weight_mobile":"","ocean_menu_typo_transform":"","ocean_menu_typo_transform_tablet":"","ocean_menu_typo_transform_mobile":"","ocean_menu_typo_line_height":0,"ocean_menu_typo_line_height_tablet":0,"ocean_menu_typo_line_height_mobile":0,"ocean_menu_typo_line_height_unit":"","ocean_menu_typo_spacing":0,"ocean_menu_typo_spacing_tablet":0,"ocean_menu_typo_spacing_mobile":0,"ocean_menu_typo_spacing_unit":"","ocean_menu_link_color":"","ocean_menu_link_color_hover":"","ocean_menu_link_color_active":"","ocean_menu_link_background":"","ocean_menu_link_hover_background":"","ocean_menu_link_active_background":"","ocean_menu_social_links_bg":"","ocean_menu_social_hover_links_bg":"","ocean_menu_social_links_color":"","ocean_menu_social_hover_links_color":"","ocean_disable_title":"default","ocean_disable_heading":"default","ocean_post_title":"","ocean_post_subheading":"","ocean_post_title_style":"","ocean_post_title_background_color":"","ocean_post_title_background":0,"ocean_post_title_bg_image_position":"","ocean_post_title_bg_image_attachment":"","ocean_post_title_bg_image_repeat":"","ocean_post_title_bg_image_size":"","ocean_post_title_height":0,"ocean_post_title_bg_overlay":0.5,"ocean_post_title_bg_overlay_color":"","ocean_disable_breadcrumbs":"default","ocean_breadcrumbs_color":"","ocean_breadcrumbs_separator_color":"","ocean_breadcrumbs_links_color":"","ocean_breadcrumbs_links_hover_color":"","ocean_display_footer_widgets":"default","ocean_display_footer_bottom":"default","ocean_custom_footer_template":"","footnotes":""},"class_list":["post-37","page","type-page","status-publish","hentry","entry"],"yoast_head":"<!-- This site is optimized with the Yoast SEO plugin v23.0 - https:\/\/yoast.com\/wordpress\/plugins\/seo\/ -->\n<title>L&#039;\u00e9quipe - Association - Activ&#039;18<\/title>\n<meta name=\"description\" content=\"Au 01 Juillet 204, l&#039;EBE compte 36 salari\u00e9s conventionn\u00e9s, tous anciens ch\u00f4meurs de longue dur\u00e9e, et 5 encadrants. Nous retrouvons :\" \/>\n<meta name=\"robots\" content=\"index, follow, max-snippet:-1, max-image-preview:large, max-video-preview:-1\" \/>\n<link rel=\"canonical\" href=\"https:\/\/activ18.fr\/?page_id=37\" \/>\n<meta property=\"og:locale\" content=\"fr_FR\" \/>\n<meta property=\"og:type\" content=\"article\" \/>\n<meta property=\"og:title\" content=\"L&#039;\u00e9quipe - Association - Activ&#039;18\" \/>\n<meta property=\"og:description\" content=\"Au 01 Juillet 204, l&#039;EBE compte 36 salari\u00e9s conventionn\u00e9s, tous anciens ch\u00f4meurs de longue dur\u00e9e, et 5 encadrants. Nous retrouvons :\" \/>\n<meta property=\"og:url\" content=\"https:\/\/activ18.fr\/?page_id=37\" \/>\n<meta property=\"og:site_name\" content=\"Activ&#039;18\" \/>\n<meta property=\"article:publisher\" content=\"https:\/\/www.facebook.com\/profile.php?id=100093334410938\" \/>\n<meta property=\"article:modified_time\" content=\"2024-07-22T03:19:02+00:00\" \/>\n<meta property=\"og:image\" content=\"https:\/\/activ18.fr\/wp-content\/uploads\/2024\/07\/Capture-decran-2024-07-22-051536-706x1024.png\" \/>\n<meta name=\"twitter:card\" content=\"summary_large_image\" \/>\n<meta name=\"twitter:label1\" content=\"Dur\u00e9e de lecture estim\u00e9e\" \/>\n\t<meta name=\"twitter:data1\" content=\"1 minute\" \/>\n<script type=\"application\/ld+json\" class=\"yoast-schema-graph\">{\"@context\":\"https:\/\/schema.org\",\"@graph\":[{\"@type\":\"WebPage\",\"@id\":\"https:\/\/activ18.fr\/?page_id=37\",\"url\":\"https:\/\/activ18.fr\/?page_id=37\",\"name\":\"L'\u00e9quipe - Association - Activ'18\",\"isPartOf\":{\"@id\":\"https:\/\/activ18.fr\/#website\"},\"primaryImageOfPage\":{\"@id\":\"https:\/\/activ18.fr\/?page_id=37#primaryimage\"},\"image\":{\"@id\":\"https:\/\/activ18.fr\/?page_id=37#primaryimage\"},\"thumbnailUrl\":\"https:\/\/activ18.fr\/wp-content\/uploads\/2024\/07\/Capture-decran-2024-07-22-051536-706x1024.png\",\"datePublished\":\"2024-06-26T09:38:18+00:00\",\"dateModified\":\"2024-07-22T03:19:02+00:00\",\"description\":\"Au 01 Juillet 204, l'EBE compte 36 salari\u00e9s conventionn\u00e9s, tous anciens ch\u00f4meurs de longue dur\u00e9e, et 5 encadrants. Nous retrouvons :\",\"breadcrumb\":{\"@id\":\"https:\/\/activ18.fr\/?page_id=37#breadcrumb\"},\"inLanguage\":\"fr-FR\",\"potentialAction\":[{\"@type\":\"ReadAction\",\"target\":[\"https:\/\/activ18.fr\/?page_id=37\"]}]},{\"@type\":\"ImageObject\",\"inLanguage\":\"fr-FR\",\"@id\":\"https:\/\/activ18.fr\/?page_id=37#primaryimage\",\"url\":\"https:\/\/activ18.fr\/wp-content\/uploads\/2024\/07\/Capture-decran-2024-07-22-051536.png\",\"contentUrl\":\"https:\/\/activ18.fr\/wp-content\/uploads\/2024\/07\/Capture-decran-2024-07-22-051536.png\",\"width\":1233,\"height\":1788,\"caption\":\"\u00c9quipe Activ'18\"},{\"@type\":\"BreadcrumbList\",\"@id\":\"https:\/\/activ18.fr\/?page_id=37#breadcrumb\",\"itemListElement\":[{\"@type\":\"ListItem\",\"position\":1,\"name\":\"Accueil\",\"item\":\"https:\/\/activ18.fr\/\"},{\"@type\":\"ListItem\",\"position\":2,\"name\":\"L&rsquo;\u00e9quipe\"}]},{\"@type\":\"WebSite\",\"@id\":\"https:\/\/activ18.fr\/#website\",\"url\":\"https:\/\/activ18.fr\/\",\"name\":\"Activ18\",\"description\":\"Votre association solidaire du 18\u00e8me\",\"publisher\":{\"@id\":\"https:\/\/activ18.fr\/#organization\"},\"potentialAction\":[{\"@type\":\"SearchAction\",\"target\":{\"@type\":\"EntryPoint\",\"urlTemplate\":\"https:\/\/activ18.fr\/?s={search_term_string}\"},\"query-input\":\"required name=search_term_string\"}],\"inLanguage\":\"fr-FR\"},{\"@type\":\"Organization\",\"@id\":\"https:\/\/activ18.fr\/#organization\",\"name\":\"Activ'18\",\"url\":\"https:\/\/activ18.fr\/\",\"logo\":{\"@type\":\"ImageObject\",\"inLanguage\":\"fr-FR\",\"@id\":\"https:\/\/activ18.fr\/#\/schema\/logo\/image\/\",\"url\":\"https:\/\/activ18.fr\/wp-content\/uploads\/2024\/06\/version-large_fond-perdu.png\",\"contentUrl\":\"https:\/\/activ18.fr\/wp-content\/uploads\/2024\/06\/version-large_fond-perdu.png\",\"width\":3508,\"height\":2480,\"caption\":\"Activ'18\"},\"image\":{\"@id\":\"https:\/\/activ18.fr\/#\/schema\/logo\/image\/\"},\"sameAs\":[\"https:\/\/www.facebook.com\/profile.php?id=100093334410938\",\"https:\/\/www.instagram.com\/activ.18\/\"]}]}<\/script>\n<!-- \/ Yoast SEO plugin. -->","yoast_head_json":{"title":"L'\u00e9quipe - Association - Activ'18","description":"Au 01 Juillet 204, l'EBE compte 36 salari\u00e9s conventionn\u00e9s, tous anciens ch\u00f4meurs de longue dur\u00e9e, et 5 encadrants. Nous retrouvons :","robots":{"index":"index","follow":"follow","max-snippet":"max-snippet:-1","max-image-preview":"max-image-preview:large","max-video-preview":"max-video-preview:-1"},"canonical":"https:\/\/activ18.fr\/?page_id=37","og_locale":"fr_FR","og_type":"article","og_title":"L'\u00e9quipe - Association - Activ'18","og_description":"Au 01 Juillet 204, l'EBE compte 36 salari\u00e9s conventionn\u00e9s, tous anciens ch\u00f4meurs de longue dur\u00e9e, et 5 encadrants. Nous retrouvons :","og_url":"https:\/\/activ18.fr\/?page_id=37","og_site_name":"Activ&#039;18","article_publisher":"https:\/\/www.facebook.com\/profile.php?id=100093334410938","article_modified_time":"2024-07-22T03:19:02+00:00","og_image":[{"url":"https:\/\/activ18.fr\/wp-content\/uploads\/2024\/07\/Capture-decran-2024-07-22-051536-706x1024.png"}],"twitter_card":"summary_large_image","twitter_misc":{"Dur\u00e9e de lecture estim\u00e9e":"1 minute"},"schema":{"@context":"https:\/\/schema.org","@graph":[{"@type":"WebPage","@id":"https:\/\/activ18.fr\/?page_id=37","url":"https:\/\/activ18.fr\/?page_id=37","name":"L'\u00e9quipe - Association - Activ'18","isPartOf":{"@id":"https:\/\/activ18.fr\/#website"},"primaryImageOfPage":{"@id":"https:\/\/activ18.fr\/?page_id=37#primaryimage"},"image":{"@id":"https:\/\/activ18.fr\/?page_id=37#primaryimage"},"thumbnailUrl":"https:\/\/activ18.fr\/wp-content\/uploads\/2024\/07\/Capture-decran-2024-07-22-051536-706x1024.png","datePublished":"2024-06-26T09:38:18+00:00","dateModified":"2024-07-22T03:19:02+00:00","description":"Au 01 Juillet 204, l'EBE compte 36 salari\u00e9s conventionn\u00e9s, tous anciens ch\u00f4meurs de longue dur\u00e9e, et 5 encadrants. Nous retrouvons :","breadcrumb":{"@id":"https:\/\/activ18.fr\/?page_id=37#breadcrumb"},"inLanguage":"fr-FR","potentialAction":[{"@type":"ReadAction","target":["https:\/\/activ18.fr\/?page_id=37"]}]},{"@type":"ImageObject","inLanguage":"fr-FR","@id":"https:\/\/activ18.fr\/?page_id=37#primaryimage","url":"https:\/\/activ18.fr\/wp-content\/uploads\/2024\/07\/Capture-decran-2024-07-22-051536.png","contentUrl":"https:\/\/activ18.fr\/wp-content\/uploads\/2024\/07\/Capture-decran-2024-07-22-051536.png","width":1233,"height":1788,"caption":"\u00c9quipe Activ'18"},{"@type":"BreadcrumbList","@id":"https:\/\/activ18.fr\/?page_id=37#breadcrumb","itemListElement":[{"@type":"ListItem","position":1,"name":"Accueil","item":"https:\/\/activ18.fr\/"},{"@type":"ListItem","position":2,"name":"L&rsquo;\u00e9quipe"}]},{"@type":"WebSite","@id":"https:\/\/activ18.fr\/#website","url":"https:\/\/activ18.fr\/","name":"Activ18","description":"Votre association solidaire du 18\u00e8me","publisher":{"@id":"https:\/\/activ18.fr\/#organization"},"potentialAction":[{"@type":"SearchAction","target":{"@type":"EntryPoint","urlTemplate":"https:\/\/activ18.fr\/?s={search_term_string}"},"query-input":"required name=search_term_string"}],"inLanguage":"fr-FR"},{"@type":"Organization","@id":"https:\/\/activ18.fr\/#organization","name":"Activ'18","url":"https:\/\/activ18.fr\/","logo":{"@type":"ImageObject","inLanguage":"fr-FR","@id":"https:\/\/activ18.fr\/#\/schema\/logo\/image\/","url":"https:\/\/activ18.fr\/wp-content\/uploads\/2024\/06\/version-large_fond-perdu.png","contentUrl":"https:\/\/activ18.fr\/wp-content\/uploads\/2024\/06\/version-large_fond-perdu.png","width":3508,"height":2480,"caption":"Activ'18"},"image":{"@id":"https:\/\/activ18.fr\/#\/schema\/logo\/image\/"},"sameAs":["https:\/\/www.facebook.com\/profile.php?id=100093334410938","https:\/\/www.instagram.com\/activ.18\/"]}]}},"_links":{"self":[{"href":"https:\/\/activ18.fr\/index.php?rest_route=\/wp\/v2\/pages\/37","targetHints":{"allow":["GET"]}}],"collection":[{"href":"https:\/\/activ18.fr\/index.php?rest_route=\/wp\/v2\/pages"}],"about":[{"href":"https:\/\/activ18.fr\/index.php?rest_route=\/wp\/v2\/types\/page"}],"author":[{"embeddable":true,"href":"https:\/\/activ18.fr\/index.php?rest_route=\/wp\/v2\/users\/1"}],"replies":[{"embeddable":true,"href":"https:\/\/activ18.fr\/index.php?rest_route=%2Fwp%2Fv2%2Fcomments&post=37"}],"version-history":[{"count":5,"href":"https:\/\/activ18.fr\/index.php?rest_route=\/wp\/v2\/pages\/37\/revisions"}],"predecessor-version":[{"id":604,"href":"https:\/\/activ18.fr\/index.php?rest_route=\/wp\/v2\/pages\/37\/revisions\/604"}],"wp:attachment":[{"href":"https:\/\/activ18.fr\/index.php?rest_route=%2Fwp%2Fv2%2Fmedia&parent=37"}],"curies":[{"name":"wp","href":"https:\/\/api.w.org\/{rel}","templated":true}]}}