{"id":35,"date":"2024-06-26T11:16:47","date_gmt":"2024-06-26T09:16:47","guid":{"rendered":"https:\/\/activ18.fr\/?page_id=35"},"modified":"2024-07-02T23:01:37","modified_gmt":"2024-07-02T21:01:37","slug":"qui-sommes-nous","status":"publish","type":"page","link":"https:\/\/activ18.fr\/?page_id=35","title":{"rendered":"Qui sommes-nous ?"},"content":{"rendered":"\t\t<div data-elementor-type=\"wp-page\" data-elementor-id=\"35\" class=\"elementor elementor-35\">\n\t\t\t\t<div class=\"elementor-element elementor-element-46fa6fa6 e-flex e-con-boxed e-con e-parent\" data-id=\"46fa6fa6\" data-element_type=\"container\" data-settings=\"{&quot;background_background&quot;:&quot;classic&quot;}\">\n\t\t\t\t\t<div class=\"e-con-inner\">\n\t\t\t\t<div class=\"elementor-element elementor-element-3394e6a7 elementor-widget elementor-widget-image\" data-id=\"3394e6a7\" data-element_type=\"widget\" data-widget_type=\"image.default\">\n\t\t\t\t<div class=\"elementor-widget-container\">\n\t\t\t<style>\/*! elementor - v3.23.0 - 15-07-2024 *\/\n.elementor-widget-image{text-align:center}.elementor-widget-image a{display:inline-block}.elementor-widget-image a img[src$=\".svg\"]{width:48px}.elementor-widget-image img{vertical-align:middle;display:inline-block}<\/style>\t\t\t\t\t\t\t\t\t\t<img fetchpriority=\"high\" decoding=\"async\" width=\"768\" height=\"576\" src=\"https:\/\/activ18.fr\/wp-content\/uploads\/2024\/07\/1000xauto_Activ_18_Terrasse1_1-768x576.jpg\" class=\"attachment-medium_large size-medium_large wp-image-244\" alt=\"Photo inauguration projet\" srcset=\"https:\/\/activ18.fr\/wp-content\/uploads\/2024\/07\/1000xauto_Activ_18_Terrasse1_1-768x576.jpg 768w, https:\/\/activ18.fr\/wp-content\/uploads\/2024\/07\/1000xauto_Activ_18_Terrasse1_1-300x225.jpg 300w, https:\/\/activ18.fr\/wp-content\/uploads\/2024\/07\/1000xauto_Activ_18_Terrasse1_1.jpg 1000w\" sizes=\"(max-width: 768px) 100vw, 768px\" \/>\t\t\t\t\t\t\t\t\t\t\t\t\t<\/div>\n\t\t\t\t<\/div>\n\t\t<div class=\"elementor-element elementor-element-626b6276 e-con-full e-flex e-con e-child\" data-id=\"626b6276\" data-element_type=\"container\">\n\t\t\t\t<div class=\"elementor-element elementor-element-1cf57176 animated-slow elementor-invisible elementor-widget elementor-widget-heading\" data-id=\"1cf57176\" data-element_type=\"widget\" data-settings=\"{&quot;_animation&quot;:&quot;slideInUp&quot;}\" data-widget_type=\"heading.default\">\n\t\t\t\t<div class=\"elementor-widget-container\">\n\t\t\t<style>\/*! elementor - v3.23.0 - 15-07-2024 *\/\n.elementor-heading-title{padding:0;margin:0;line-height:1}.elementor-widget-heading .elementor-heading-title[class*=elementor-size-]>a{color:inherit;font-size:inherit;line-height:inherit}.elementor-widget-heading .elementor-heading-title.elementor-size-small{font-size:15px}.elementor-widget-heading .elementor-heading-title.elementor-size-medium{font-size:19px}.elementor-widget-heading .elementor-heading-title.elementor-size-large{font-size:29px}.elementor-widget-heading .elementor-heading-title.elementor-size-xl{font-size:39px}.elementor-widget-heading .elementor-heading-title.elementor-size-xxl{font-size:59px}<\/style><h2 class=\"elementor-heading-title elementor-size-default\">Qui sommes-nous ? <\/h2>\t\t<\/div>\n\t\t\t\t<\/div>\n\t\t\t\t<div class=\"elementor-element elementor-element-787fb404 elementor-widget elementor-widget-text-editor\" data-id=\"787fb404\" data-element_type=\"widget\" data-widget_type=\"text-editor.default\">\n\t\t\t\t<div class=\"elementor-widget-container\">\n\t\t\t<style>\/*! elementor - v3.23.0 - 15-07-2024 *\/\n.elementor-widget-text-editor.elementor-drop-cap-view-stacked .elementor-drop-cap{background-color:#69727d;color:#fff}.elementor-widget-text-editor.elementor-drop-cap-view-framed .elementor-drop-cap{color:#69727d;border:3px solid;background-color:transparent}.elementor-widget-text-editor:not(.elementor-drop-cap-view-default) .elementor-drop-cap{margin-top:8px}.elementor-widget-text-editor:not(.elementor-drop-cap-view-default) .elementor-drop-cap-letter{width:1em;height:1em}.elementor-widget-text-editor .elementor-drop-cap{float:left;text-align:center;line-height:1;font-size:50px}.elementor-widget-text-editor .elementor-drop-cap-letter{display:inline-block}<\/style>\t\t\t\t<p>Activ\u201918 est l\u2019Entreprise \u00e0 but d\u2019emploi de Chapelle Nord, Paris 18. Dans le cadre de<br \/>l\u2019exp\u00e9rimentation Territoires z\u00e9ro ch\u00f4meur de longue dur\u00e9e (TZCLD), elle a pour mission premi\u00e8re d\u2019embaucher des ch\u00f4meurs habitants du quartier, en CDI et \u00e0 temps choisi. Ses activit\u00e9s s&rsquo;appuient d&rsquo;un c\u00f4t\u00e9 sur les comp\u00e9tences et envies des salari\u00e9s, de l&rsquo;autre sur les besoins identifi\u00e9s dans le territoire.<\/p>\t\t\t\t\t\t<\/div>\n\t\t\t\t<\/div>\n\t\t\t\t<\/div>\n\t\t\t\t\t<\/div>\n\t\t\t\t<\/div>\n\t\t<div class=\"elementor-element elementor-element-964a1c1 e-flex e-con-boxed e-con e-parent\" data-id=\"964a1c1\" data-element_type=\"container\" data-settings=\"{&quot;background_background&quot;:&quot;classic&quot;}\">\n\t\t\t\t\t<div class=\"e-con-inner\">\n\t\t\t\t<div class=\"elementor-element elementor-element-8df6f2a elementor-widget elementor-widget-heading\" data-id=\"8df6f2a\" data-element_type=\"widget\" data-widget_type=\"heading.default\">\n\t\t\t\t<div class=\"elementor-widget-container\">\n\t\t\t<h2 class=\"elementor-heading-title elementor-size-default\">Nos d\u00e9buts<\/h2>\t\t<\/div>\n\t\t\t\t<\/div>\n\t\t\t\t\t<\/div>\n\t\t\t\t<\/div>\n\t\t<div class=\"elementor-element elementor-element-39735c1 e-flex e-con-boxed e-con e-parent\" data-id=\"39735c1\" data-element_type=\"container\">\n\t\t\t\t\t<div class=\"e-con-inner\">\n\t\t<div class=\"elementor-element elementor-element-45e6dd4 e-con-full e-flex e-con e-child\" data-id=\"45e6dd4\" data-element_type=\"container\">\n\t\t\t\t<\/div>\n\t\t<div class=\"elementor-element elementor-element-abbc9fa e-con-full e-flex e-con e-child\" data-id=\"abbc9fa\" data-element_type=\"container\">\n\t\t\t\t<\/div>\n\t\t\t\t\t<\/div>\n\t\t\t\t<\/div>\n\t\t<div class=\"elementor-element elementor-element-60eb76c e-flex e-con-boxed e-con e-parent\" data-id=\"60eb76c\" data-element_type=\"container\">\n\t\t\t\t\t<div class=\"e-con-inner\">\n\t\t<div class=\"elementor-element elementor-element-63840d0 e-con-full e-flex e-con e-child\" data-id=\"63840d0\" data-element_type=\"container\">\n\t\t<div class=\"elementor-element elementor-element-ddf60a7 e-con-full e-flex e-con e-child\" data-id=\"ddf60a7\" data-element_type=\"container\">\n\t\t\t\t<\/div>\n\t\t<div class=\"elementor-element elementor-element-3058f91 e-con-full e-flex e-con e-child\" data-id=\"3058f91\" data-element_type=\"container\">\n\t\t\t\t<\/div>\n\t\t\t\t<\/div>\n\t\t<div class=\"elementor-element elementor-element-80623ce e-con-full e-flex e-con e-child\" data-id=\"80623ce\" data-element_type=\"container\">\n\t\t\t\t<\/div>\n\t\t\t\t\t<\/div>\n\t\t\t\t<\/div>\n\t\t\t\t<\/div>\n\t\t","protected":false},"excerpt":{"rendered":"<p>Qui sommes-nous ? Activ\u201918 est l\u2019Entreprise \u00e0 but d\u2019emploi de Chapelle Nord, Paris 18. Dans le cadre del\u2019exp\u00e9rimentation Territoires z\u00e9ro ch\u00f4meur de longue dur\u00e9e (TZCLD), elle a pour mission premi\u00e8re d\u2019embaucher des ch\u00f4meurs habitants du quartier, en CDI et \u00e0 temps choisi. Ses activit\u00e9s s&rsquo;appuient d&rsquo;un c\u00f4t\u00e9 sur les comp\u00e9tences et envies des salari\u00e9s, de [&hellip;]<\/p>\n","protected":false},"author":1,"featured_media":0,"parent":0,"menu_order":0,"comment_status":"closed","ping_status":"closed","template":"","meta":{"ocean_post_layout":"","ocean_both_sidebars_style":"","ocean_both_sidebars_content_width":0,"ocean_both_sidebars_sidebars_width":0,"ocean_sidebar":"","ocean_second_sidebar":"","ocean_disable_margins":"enable","ocean_add_body_class":"","ocean_shortcode_before_top_bar":"","ocean_shortcode_after_top_bar":"","ocean_shortcode_before_header":"","ocean_shortcode_after_header":"","ocean_has_shortcode":"","ocean_shortcode_after_title":"","ocean_shortcode_before_footer_widgets":"","ocean_shortcode_after_footer_widgets":"","ocean_shortcode_before_footer_bottom":"","ocean_shortcode_after_footer_bottom":"","ocean_display_top_bar":"default","ocean_display_header":"default","ocean_header_style":"","ocean_center_header_left_menu":"","ocean_custom_header_template":"","ocean_custom_logo":0,"ocean_custom_retina_logo":0,"ocean_custom_logo_max_width":0,"ocean_custom_logo_tablet_max_width":0,"ocean_custom_logo_mobile_max_width":0,"ocean_custom_logo_max_height":0,"ocean_custom_logo_tablet_max_height":0,"ocean_custom_logo_mobile_max_height":0,"ocean_header_custom_menu":"","ocean_menu_typo_font_family":"","ocean_menu_typo_font_subset":"","ocean_menu_typo_font_size":0,"ocean_menu_typo_font_size_tablet":0,"ocean_menu_typo_font_size_mobile":0,"ocean_menu_typo_font_size_unit":"px","ocean_menu_typo_font_weight":"","ocean_menu_typo_font_weight_tablet":"","ocean_menu_typo_font_weight_mobile":"","ocean_menu_typo_transform":"","ocean_menu_typo_transform_tablet":"","ocean_menu_typo_transform_mobile":"","ocean_menu_typo_line_height":0,"ocean_menu_typo_line_height_tablet":0,"ocean_menu_typo_line_height_mobile":0,"ocean_menu_typo_line_height_unit":"","ocean_menu_typo_spacing":0,"ocean_menu_typo_spacing_tablet":0,"ocean_menu_typo_spacing_mobile":0,"ocean_menu_typo_spacing_unit":"","ocean_menu_link_color":"","ocean_menu_link_color_hover":"","ocean_menu_link_color_active":"","ocean_menu_link_background":"","ocean_menu_link_hover_background":"","ocean_menu_link_active_background":"","ocean_menu_social_links_bg":"","ocean_menu_social_hover_links_bg":"","ocean_menu_social_links_color":"","ocean_menu_social_hover_links_color":"","ocean_disable_title":"default","ocean_disable_heading":"default","ocean_post_title":"","ocean_post_subheading":"","ocean_post_title_style":"","ocean_post_title_background_color":"","ocean_post_title_background":0,"ocean_post_title_bg_image_position":"","ocean_post_title_bg_image_attachment":"","ocean_post_title_bg_image_repeat":"","ocean_post_title_bg_image_size":"","ocean_post_title_height":0,"ocean_post_title_bg_overlay":0.5,"ocean_post_title_bg_overlay_color":"","ocean_disable_breadcrumbs":"default","ocean_breadcrumbs_color":"","ocean_breadcrumbs_separator_color":"","ocean_breadcrumbs_links_color":"","ocean_breadcrumbs_links_hover_color":"","ocean_display_footer_widgets":"default","ocean_display_footer_bottom":"default","ocean_custom_footer_template":"","footnotes":""},"class_list":["post-35","page","type-page","status-publish","hentry","entry"],"yoast_head":"<!-- This site is optimized with the Yoast SEO plugin v23.0 - https:\/\/yoast.com\/wordpress\/plugins\/seo\/ -->\n<title>Qui sommes-nous ? - Activ&#039;18<\/title>\n<meta name=\"description\" content=\"Activ\u201918 est l\u2019entreprise \u00e0 but d\u2019emploi de Chapelle Nord, Paris 18. Nous embauchons des ch\u00f4meurs de longue dur\u00e9e pour redynamiser le territoire.\" \/>\n<meta name=\"robots\" content=\"index, follow, max-snippet:-1, max-image-preview:large, max-video-preview:-1\" \/>\n<link rel=\"canonical\" href=\"https:\/\/activ18.fr\/?page_id=35\" \/>\n<meta property=\"og:locale\" content=\"fr_FR\" \/>\n<meta property=\"og:type\" content=\"article\" \/>\n<meta property=\"og:title\" content=\"Qui sommes-nous ? - Activ&#039;18\" \/>\n<meta property=\"og:description\" content=\"Activ\u201918 est l\u2019entreprise \u00e0 but d\u2019emploi de Chapelle Nord, Paris 18. Nous embauchons des ch\u00f4meurs de longue dur\u00e9e pour redynamiser le territoire.\" \/>\n<meta property=\"og:url\" content=\"https:\/\/activ18.fr\/?page_id=35\" \/>\n<meta property=\"og:site_name\" content=\"Activ&#039;18\" \/>\n<meta property=\"article:publisher\" content=\"https:\/\/www.facebook.com\/profile.php?id=100093334410938\" \/>\n<meta property=\"article:modified_time\" content=\"2024-07-02T21:01:37+00:00\" \/>\n<meta property=\"og:image\" content=\"https:\/\/activ18.fr\/wp-content\/uploads\/2024\/07\/1000xauto_Activ_18_Terrasse1_1-768x576.jpg\" \/>\n<meta name=\"twitter:card\" content=\"summary_large_image\" \/>\n<meta name=\"twitter:label1\" content=\"Dur\u00e9e de lecture estim\u00e9e\" \/>\n\t<meta name=\"twitter:data1\" content=\"1 minute\" \/>\n<script type=\"application\/ld+json\" class=\"yoast-schema-graph\">{\"@context\":\"https:\/\/schema.org\",\"@graph\":[{\"@type\":\"WebPage\",\"@id\":\"https:\/\/activ18.fr\/?page_id=35\",\"url\":\"https:\/\/activ18.fr\/?page_id=35\",\"name\":\"Qui sommes-nous ? - Activ'18\",\"isPartOf\":{\"@id\":\"https:\/\/activ18.fr\/#website\"},\"primaryImageOfPage\":{\"@id\":\"https:\/\/activ18.fr\/?page_id=35#primaryimage\"},\"image\":{\"@id\":\"https:\/\/activ18.fr\/?page_id=35#primaryimage\"},\"thumbnailUrl\":\"https:\/\/activ18.fr\/wp-content\/uploads\/2024\/07\/1000xauto_Activ_18_Terrasse1_1-768x576.jpg\",\"datePublished\":\"2024-06-26T09:16:47+00:00\",\"dateModified\":\"2024-07-02T21:01:37+00:00\",\"description\":\"Activ\u201918 est l\u2019entreprise \u00e0 but d\u2019emploi de Chapelle Nord, Paris 18. Nous embauchons des ch\u00f4meurs de longue dur\u00e9e pour redynamiser le territoire.\",\"breadcrumb\":{\"@id\":\"https:\/\/activ18.fr\/?page_id=35#breadcrumb\"},\"inLanguage\":\"fr-FR\",\"potentialAction\":[{\"@type\":\"ReadAction\",\"target\":[\"https:\/\/activ18.fr\/?page_id=35\"]}]},{\"@type\":\"ImageObject\",\"inLanguage\":\"fr-FR\",\"@id\":\"https:\/\/activ18.fr\/?page_id=35#primaryimage\",\"url\":\"https:\/\/activ18.fr\/wp-content\/uploads\/2024\/07\/1000xauto_Activ_18_Terrasse1_1.jpg\",\"contentUrl\":\"https:\/\/activ18.fr\/wp-content\/uploads\/2024\/07\/1000xauto_Activ_18_Terrasse1_1.jpg\",\"width\":1000,\"height\":750,\"caption\":\"Photo inauguration projet\"},{\"@type\":\"BreadcrumbList\",\"@id\":\"https:\/\/activ18.fr\/?page_id=35#breadcrumb\",\"itemListElement\":[{\"@type\":\"ListItem\",\"position\":1,\"name\":\"Accueil\",\"item\":\"https:\/\/activ18.fr\/\"},{\"@type\":\"ListItem\",\"position\":2,\"name\":\"Qui sommes-nous ?\"}]},{\"@type\":\"WebSite\",\"@id\":\"https:\/\/activ18.fr\/#website\",\"url\":\"https:\/\/activ18.fr\/\",\"name\":\"Activ18\",\"description\":\"Votre association solidaire du 18\u00e8me\",\"publisher\":{\"@id\":\"https:\/\/activ18.fr\/#organization\"},\"potentialAction\":[{\"@type\":\"SearchAction\",\"target\":{\"@type\":\"EntryPoint\",\"urlTemplate\":\"https:\/\/activ18.fr\/?s={search_term_string}\"},\"query-input\":\"required name=search_term_string\"}],\"inLanguage\":\"fr-FR\"},{\"@type\":\"Organization\",\"@id\":\"https:\/\/activ18.fr\/#organization\",\"name\":\"Activ'18\",\"url\":\"https:\/\/activ18.fr\/\",\"logo\":{\"@type\":\"ImageObject\",\"inLanguage\":\"fr-FR\",\"@id\":\"https:\/\/activ18.fr\/#\/schema\/logo\/image\/\",\"url\":\"https:\/\/activ18.fr\/wp-content\/uploads\/2024\/06\/version-large_fond-perdu.png\",\"contentUrl\":\"https:\/\/activ18.fr\/wp-content\/uploads\/2024\/06\/version-large_fond-perdu.png\",\"width\":3508,\"height\":2480,\"caption\":\"Activ'18\"},\"image\":{\"@id\":\"https:\/\/activ18.fr\/#\/schema\/logo\/image\/\"},\"sameAs\":[\"https:\/\/www.facebook.com\/profile.php?id=100093334410938\",\"https:\/\/www.instagram.com\/activ.18\/\"]}]}<\/script>\n<!-- \/ Yoast SEO plugin. -->","yoast_head_json":{"title":"Qui sommes-nous ? - Activ'18","description":"Activ\u201918 est l\u2019entreprise \u00e0 but d\u2019emploi de Chapelle Nord, Paris 18. Nous embauchons des ch\u00f4meurs de longue dur\u00e9e pour redynamiser le territoire.","robots":{"index":"index","follow":"follow","max-snippet":"max-snippet:-1","max-image-preview":"max-image-preview:large","max-video-preview":"max-video-preview:-1"},"canonical":"https:\/\/activ18.fr\/?page_id=35","og_locale":"fr_FR","og_type":"article","og_title":"Qui sommes-nous ? - Activ'18","og_description":"Activ\u201918 est l\u2019entreprise \u00e0 but d\u2019emploi de Chapelle Nord, Paris 18. Nous embauchons des ch\u00f4meurs de longue dur\u00e9e pour redynamiser le territoire.","og_url":"https:\/\/activ18.fr\/?page_id=35","og_site_name":"Activ&#039;18","article_publisher":"https:\/\/www.facebook.com\/profile.php?id=100093334410938","article_modified_time":"2024-07-02T21:01:37+00:00","og_image":[{"url":"https:\/\/activ18.fr\/wp-content\/uploads\/2024\/07\/1000xauto_Activ_18_Terrasse1_1-768x576.jpg"}],"twitter_card":"summary_large_image","twitter_misc":{"Dur\u00e9e de lecture estim\u00e9e":"1 minute"},"schema":{"@context":"https:\/\/schema.org","@graph":[{"@type":"WebPage","@id":"https:\/\/activ18.fr\/?page_id=35","url":"https:\/\/activ18.fr\/?page_id=35","name":"Qui sommes-nous ? - Activ'18","isPartOf":{"@id":"https:\/\/activ18.fr\/#website"},"primaryImageOfPage":{"@id":"https:\/\/activ18.fr\/?page_id=35#primaryimage"},"image":{"@id":"https:\/\/activ18.fr\/?page_id=35#primaryimage"},"thumbnailUrl":"https:\/\/activ18.fr\/wp-content\/uploads\/2024\/07\/1000xauto_Activ_18_Terrasse1_1-768x576.jpg","datePublished":"2024-06-26T09:16:47+00:00","dateModified":"2024-07-02T21:01:37+00:00","description":"Activ\u201918 est l\u2019entreprise \u00e0 but d\u2019emploi de Chapelle Nord, Paris 18. Nous embauchons des ch\u00f4meurs de longue dur\u00e9e pour redynamiser le territoire.","breadcrumb":{"@id":"https:\/\/activ18.fr\/?page_id=35#breadcrumb"},"inLanguage":"fr-FR","potentialAction":[{"@type":"ReadAction","target":["https:\/\/activ18.fr\/?page_id=35"]}]},{"@type":"ImageObject","inLanguage":"fr-FR","@id":"https:\/\/activ18.fr\/?page_id=35#primaryimage","url":"https:\/\/activ18.fr\/wp-content\/uploads\/2024\/07\/1000xauto_Activ_18_Terrasse1_1.jpg","contentUrl":"https:\/\/activ18.fr\/wp-content\/uploads\/2024\/07\/1000xauto_Activ_18_Terrasse1_1.jpg","width":1000,"height":750,"caption":"Photo inauguration projet"},{"@type":"BreadcrumbList","@id":"https:\/\/activ18.fr\/?page_id=35#breadcrumb","itemListElement":[{"@type":"ListItem","position":1,"name":"Accueil","item":"https:\/\/activ18.fr\/"},{"@type":"ListItem","position":2,"name":"Qui sommes-nous ?"}]},{"@type":"WebSite","@id":"https:\/\/activ18.fr\/#website","url":"https:\/\/activ18.fr\/","name":"Activ18","description":"Votre association solidaire du 18\u00e8me","publisher":{"@id":"https:\/\/activ18.fr\/#organization"},"potentialAction":[{"@type":"SearchAction","target":{"@type":"EntryPoint","urlTemplate":"https:\/\/activ18.fr\/?s={search_term_string}"},"query-input":"required name=search_term_string"}],"inLanguage":"fr-FR"},{"@type":"Organization","@id":"https:\/\/activ18.fr\/#organization","name":"Activ'18","url":"https:\/\/activ18.fr\/","logo":{"@type":"ImageObject","inLanguage":"fr-FR","@id":"https:\/\/activ18.fr\/#\/schema\/logo\/image\/","url":"https:\/\/activ18.fr\/wp-content\/uploads\/2024\/06\/version-large_fond-perdu.png","contentUrl":"https:\/\/activ18.fr\/wp-content\/uploads\/2024\/06\/version-large_fond-perdu.png","width":3508,"height":2480,"caption":"Activ'18"},"image":{"@id":"https:\/\/activ18.fr\/#\/schema\/logo\/image\/"},"sameAs":["https:\/\/www.facebook.com\/profile.php?id=100093334410938","https:\/\/www.instagram.com\/activ.18\/"]}]}},"_links":{"self":[{"href":"https:\/\/activ18.fr\/index.php?rest_route=\/wp\/v2\/pages\/35","targetHints":{"allow":["GET"]}}],"collection":[{"href":"https:\/\/activ18.fr\/index.php?rest_route=\/wp\/v2\/pages"}],"about":[{"href":"https:\/\/activ18.fr\/index.php?rest_route=\/wp\/v2\/types\/page"}],"author":[{"embeddable":true,"href":"https:\/\/activ18.fr\/index.php?rest_route=\/wp\/v2\/users\/1"}],"replies":[{"embeddable":true,"href":"https:\/\/activ18.fr\/index.php?rest_route=%2Fwp%2Fv2%2Fcomments&post=35"}],"version-history":[{"count":17,"href":"https:\/\/activ18.fr\/index.php?rest_route=\/wp\/v2\/pages\/35\/revisions"}],"predecessor-version":[{"id":492,"href":"https:\/\/activ18.fr\/index.php?rest_route=\/wp\/v2\/pages\/35\/revisions\/492"}],"wp:attachment":[{"href":"https:\/\/activ18.fr\/index.php?rest_route=%2Fwp%2Fv2%2Fmedia&parent=35"}],"curies":[{"name":"wp","href":"https:\/\/api.w.org\/{rel}","templated":true}]}}