{"id":28,"date":"2024-06-25T10:34:13","date_gmt":"2024-06-25T08:34:13","guid":{"rendered":"https:\/\/activ18.fr\/?page_id=28"},"modified":"2024-07-22T09:52:42","modified_gmt":"2024-07-22T07:52:42","slug":"mentions-legales","status":"publish","type":"page","link":"https:\/\/activ18.fr\/?page_id=28","title":{"rendered":"Mentions l\u00e9gales"},"content":{"rendered":"\t\t<div data-elementor-type=\"wp-page\" data-elementor-id=\"28\" class=\"elementor elementor-28\">\n\t\t\t\t<div class=\"elementor-element elementor-element-6949ebe e-flex e-con-boxed e-con e-parent\" data-id=\"6949ebe\" data-element_type=\"container\">\n\t\t\t\t\t<div class=\"e-con-inner\">\n\t\t\t\t<div class=\"elementor-element elementor-element-77d97b7 elementor-widget elementor-widget-spacer\" data-id=\"77d97b7\" data-element_type=\"widget\" data-widget_type=\"spacer.default\">\n\t\t\t\t<div class=\"elementor-widget-container\">\n\t\t\t<style>\/*! elementor - v3.23.0 - 15-07-2024 *\/\n.elementor-column .elementor-spacer-inner{height:var(--spacer-size)}.e-con{--container-widget-width:100%}.e-con-inner>.elementor-widget-spacer,.e-con>.elementor-widget-spacer{width:var(--container-widget-width,var(--spacer-size));--align-self:var(--container-widget-align-self,initial);--flex-shrink:0}.e-con-inner>.elementor-widget-spacer>.elementor-widget-container,.e-con>.elementor-widget-spacer>.elementor-widget-container{height:100%;width:100%}.e-con-inner>.elementor-widget-spacer>.elementor-widget-container>.elementor-spacer,.e-con>.elementor-widget-spacer>.elementor-widget-container>.elementor-spacer{height:100%}.e-con-inner>.elementor-widget-spacer>.elementor-widget-container>.elementor-spacer>.elementor-spacer-inner,.e-con>.elementor-widget-spacer>.elementor-widget-container>.elementor-spacer>.elementor-spacer-inner{height:var(--container-widget-height,var(--spacer-size))}.e-con-inner>.elementor-widget-spacer.elementor-widget-empty,.e-con>.elementor-widget-spacer.elementor-widget-empty{position:relative;min-height:22px;min-width:22px}.e-con-inner>.elementor-widget-spacer.elementor-widget-empty .elementor-widget-empty-icon,.e-con>.elementor-widget-spacer.elementor-widget-empty .elementor-widget-empty-icon{position:absolute;top:0;bottom:0;left:0;right:0;margin:auto;padding:0;width:22px;height:22px}<\/style>\t\t<div class=\"elementor-spacer\">\n\t\t\t<div class=\"elementor-spacer-inner\"><\/div>\n\t\t<\/div>\n\t\t\t\t<\/div>\n\t\t\t\t<\/div>\n\t\t\t\t\t<\/div>\n\t\t\t\t<\/div>\n\t\t<div class=\"elementor-element elementor-element-f624756 e-flex e-con-boxed e-con e-parent\" data-id=\"f624756\" data-element_type=\"container\">\n\t\t\t\t\t<div class=\"e-con-inner\">\n\t\t\t\t<div class=\"elementor-element elementor-element-dc66770 elementor-widget elementor-widget-heading\" data-id=\"dc66770\" data-element_type=\"widget\" data-widget_type=\"heading.default\">\n\t\t\t\t<div class=\"elementor-widget-container\">\n\t\t\t<style>\/*! elementor - v3.23.0 - 15-07-2024 *\/\n.elementor-heading-title{padding:0;margin:0;line-height:1}.elementor-widget-heading .elementor-heading-title[class*=elementor-size-]>a{color:inherit;font-size:inherit;line-height:inherit}.elementor-widget-heading .elementor-heading-title.elementor-size-small{font-size:15px}.elementor-widget-heading .elementor-heading-title.elementor-size-medium{font-size:19px}.elementor-widget-heading .elementor-heading-title.elementor-size-large{font-size:29px}.elementor-widget-heading .elementor-heading-title.elementor-size-xl{font-size:39px}.elementor-widget-heading .elementor-heading-title.elementor-size-xxl{font-size:59px}<\/style><h2 class=\"elementor-heading-title elementor-size-default\">Mentions L\u00e9gales<\/h2>\t\t<\/div>\n\t\t\t\t<\/div>\n\t\t\t\t\t<\/div>\n\t\t\t\t<\/div>\n\t\t<div class=\"elementor-element elementor-element-b7cd7d7 e-flex e-con-boxed e-con e-parent\" data-id=\"b7cd7d7\" data-element_type=\"container\">\n\t\t\t\t\t<div class=\"e-con-inner\">\n\t\t\t\t<div class=\"elementor-element elementor-element-5331237 elementor-widget elementor-widget-text-editor\" data-id=\"5331237\" data-element_type=\"widget\" data-widget_type=\"text-editor.default\">\n\t\t\t\t<div class=\"elementor-widget-container\">\n\t\t\t<style>\/*! elementor - v3.23.0 - 15-07-2024 *\/\n.elementor-widget-text-editor.elementor-drop-cap-view-stacked .elementor-drop-cap{background-color:#69727d;color:#fff}.elementor-widget-text-editor.elementor-drop-cap-view-framed .elementor-drop-cap{color:#69727d;border:3px solid;background-color:transparent}.elementor-widget-text-editor:not(.elementor-drop-cap-view-default) .elementor-drop-cap{margin-top:8px}.elementor-widget-text-editor:not(.elementor-drop-cap-view-default) .elementor-drop-cap-letter{width:1em;height:1em}.elementor-widget-text-editor .elementor-drop-cap{float:left;text-align:center;line-height:1;font-size:50px}.elementor-widget-text-editor .elementor-drop-cap-letter{display:inline-block}<\/style>\t\t\t\t<h3>1. \u00c9diteur du site<\/h3><p>Le site activ&rsquo;18.fr est \u00e9dit\u00e9 par :<\/p><ul><li><strong>Nom de l&rsquo;entreprise<\/strong> : Activ&rsquo;18<\/li><li><strong>Forme juridique<\/strong> : Association d\u00e9clar\u00e9e<\/li><li><strong>Adresse du si\u00e8ge social<\/strong> : 10 rue Tristan Tzara 75018 Paris<\/li><li><strong>Capital social<\/strong> :\u00a0<\/li><li><strong>RCS<\/strong> : [Num\u00e9ro de RCS]\u00a0<\/li><li><strong>TVA intracommunautaire<\/strong>\u00a0:\u00a0<span style=\"font-family: Snippet, sans-serif; font-size: 22px; font-style: normal; font-variant-ligatures: normal; font-variant-caps: normal; font-weight: 500; letter-spacing: 0.7px;\">FR81913810787FR<\/span><\/li><li><strong>Directeur de la publication<\/strong> : Gilles WALQUENART<\/li><\/ul><h3>2. H\u00e9bergement du site<\/h3><p>Le site activ18.fr est h\u00e9berg\u00e9 par :<\/p><ul><li><strong>Nom de l&rsquo;h\u00e9bergeur<\/strong> : OVH Cloud<\/li><li><strong>Adresse<\/strong>\u00a0: 2 rue Kellermann 59100 Roubaix<\/li><li><strong>T\u00e9l\u00e9phone<\/strong> : 1007 service client<\/li><li><strong>Email<\/strong> :\u00a0<\/li><\/ul><h3>3. Propri\u00e9t\u00e9 intellectuelle<\/h3><p>Le site <a href=\"http:\/\/activ18.fr\">activ18.fr<\/a> et chacun des \u00e9l\u00e9ments qui le composent (tels que les textes, images, logos, vid\u00e9os, ic\u00f4nes, etc.) sont la propri\u00e9t\u00e9 exclusive d&rsquo;Activ&rsquo;18 ou sont utilis\u00e9s avec l&rsquo;autorisation des titulaires des droits.<\/p><p>Toute reproduction, distribution, modification, adaptation, retransmission ou publication, m\u00eame partielle, de ces diff\u00e9rents \u00e9l\u00e9ments est strictement interdite sans l&rsquo;accord expr\u00e8s par \u00e9crit d&rsquo;Activ&rsquo;18.<\/p><h3>4. Protection des donn\u00e9es personnelles<\/h3><p>Conform\u00e9ment \u00e0 la loi Informatique et Libert\u00e9s du 6 janvier 1978 modifi\u00e9e et au R\u00e8glement G\u00e9n\u00e9ral sur la Protection des Donn\u00e9es (RGPD) du 27 avril 2016, vous disposez d&rsquo;un droit d&rsquo;acc\u00e8s, de rectification, d&rsquo;effacement, de limitation du traitement, d&rsquo;opposition et de portabilit\u00e9 de vos donn\u00e9es personnelles.<\/p><p>Pour exercer ces droits, vous pouvez contacter notre D\u00e9l\u00e9gu\u00e9 \u00e0 la Protection des Donn\u00e9es (DPO) par email \u00e0 l&rsquo;adresse suivante : contact@activ18.fr.<\/p><h3>5. Cookies<\/h3><p>Le site Activ&rsquo;18 utilise des cookies pour am\u00e9liorer l&rsquo;exp\u00e9rience utilisateur et mesurer l&rsquo;audience. Vous pouvez configurer votre navigateur pour accepter ou refuser les cookies.<\/p><p>Pour en savoir plus sur notre politique de gestion des cookies, veuillez consulter notre <a href=\"https:\/\/activ18.fr\/?page_id=24\">[Politique de Cookies]<\/a>.<\/p><h3>6. Limitation de responsabilit\u00e9<\/h3><p>Activ&rsquo;18 s&rsquo;efforce de fournir des informations aussi pr\u00e9cises que possible sur le site <a href=\"http:\/\/activ18.fr\">activ18.fr<\/a>. Cependant, Activ&rsquo;18 ne saurait garantir l&rsquo;exactitude, la compl\u00e9tude et l&rsquo;actualit\u00e9 des informations diffus\u00e9es sur le site. En cons\u00e9quence, l&rsquo;utilisateur reconna\u00eet utiliser ces informations sous sa responsabilit\u00e9 exclusive.<\/p><h3>7. Liens hypertextes<\/h3><p>Le site <a href=\"http:\/\/activ18.fr\">activ18.fr<\/a> peut contenir des liens hypertextes vers d&rsquo;autres sites web. Activ&rsquo;18 n&rsquo;assume aucune responsabilit\u00e9 quant au contenu de ces sites et ne pourra \u00eatre tenu responsable de tout dommage r\u00e9sultant de l&rsquo;utilisation de ces sites.<\/p><h3>8. Droit applicable<\/h3><p>Les pr\u00e9sentes mentions l\u00e9gales sont r\u00e9gies par le droit fran\u00e7ais. En cas de litige, et \u00e0 d\u00e9faut de r\u00e9solution amiable, les tribunaux fran\u00e7ais seront seuls comp\u00e9tents.<\/p><h3>9. Contact<\/h3><p>Pour toute question concernant ces mentions l\u00e9gales, vous pouvez nous contacter \u00e0 l&rsquo;adresse suivante :<\/p><ul><li><strong>Email<\/strong> : contact@activ18.fr<\/li><li><strong>T\u00e9l\u00e9phone<\/strong> : 09 82 43 93 06<\/li><\/ul>\t\t\t\t\t\t<\/div>\n\t\t\t\t<\/div>\n\t\t\t\t\t<\/div>\n\t\t\t\t<\/div>\n\t\t<div class=\"elementor-element elementor-element-de1faa8 e-flex e-con-boxed e-con e-parent\" data-id=\"de1faa8\" data-element_type=\"container\">\n\t\t\t\t\t<div class=\"e-con-inner\">\n\t\t\t\t<div class=\"elementor-element elementor-element-6d29eef elementor-widget elementor-widget-spacer\" data-id=\"6d29eef\" data-element_type=\"widget\" data-widget_type=\"spacer.default\">\n\t\t\t\t<div class=\"elementor-widget-container\">\n\t\t\t\t\t<div class=\"elementor-spacer\">\n\t\t\t<div class=\"elementor-spacer-inner\"><\/div>\n\t\t<\/div>\n\t\t\t\t<\/div>\n\t\t\t\t<\/div>\n\t\t\t\t\t<\/div>\n\t\t\t\t<\/div>\n\t\t\t\t<\/div>\n\t\t","protected":false},"excerpt":{"rendered":"<p>Mentions L\u00e9gales 1. \u00c9diteur du site Le site activ&rsquo;18.fr est \u00e9dit\u00e9 par : Nom de l&rsquo;entreprise : Activ&rsquo;18 Forme juridique : Association d\u00e9clar\u00e9e Adresse du si\u00e8ge social : 10 rue Tristan Tzara 75018 Paris Capital social :\u00a0 RCS : [Num\u00e9ro de RCS]\u00a0 TVA intracommunautaire\u00a0:\u00a0FR81913810787FR Directeur de la publication : Gilles WALQUENART 2. H\u00e9bergement du site [&hellip;]<\/p>\n","protected":false},"author":1,"featured_media":0,"parent":0,"menu_order":0,"comment_status":"closed","ping_status":"closed","template":"","meta":{"ocean_post_layout":"","ocean_both_sidebars_style":"","ocean_both_sidebars_content_width":0,"ocean_both_sidebars_sidebars_width":0,"ocean_sidebar":"","ocean_second_sidebar":"","ocean_disable_margins":"enable","ocean_add_body_class":"","ocean_shortcode_before_top_bar":"","ocean_shortcode_after_top_bar":"","ocean_shortcode_before_header":"","ocean_shortcode_after_header":"","ocean_has_shortcode":"","ocean_shortcode_after_title":"","ocean_shortcode_before_footer_widgets":"","ocean_shortcode_after_footer_widgets":"","ocean_shortcode_before_footer_bottom":"","ocean_shortcode_after_footer_bottom":"","ocean_display_top_bar":"default","ocean_display_header":"default","ocean_header_style":"","ocean_center_header_left_menu":"","ocean_custom_header_template":"","ocean_custom_logo":0,"ocean_custom_retina_logo":0,"ocean_custom_logo_max_width":0,"ocean_custom_logo_tablet_max_width":0,"ocean_custom_logo_mobile_max_width":0,"ocean_custom_logo_max_height":0,"ocean_custom_logo_tablet_max_height":0,"ocean_custom_logo_mobile_max_height":0,"ocean_header_custom_menu":"","ocean_menu_typo_font_family":"","ocean_menu_typo_font_subset":"","ocean_menu_typo_font_size":0,"ocean_menu_typo_font_size_tablet":0,"ocean_menu_typo_font_size_mobile":0,"ocean_menu_typo_font_size_unit":"px","ocean_menu_typo_font_weight":"","ocean_menu_typo_font_weight_tablet":"","ocean_menu_typo_font_weight_mobile":"","ocean_menu_typo_transform":"","ocean_menu_typo_transform_tablet":"","ocean_menu_typo_transform_mobile":"","ocean_menu_typo_line_height":0,"ocean_menu_typo_line_height_tablet":0,"ocean_menu_typo_line_height_mobile":0,"ocean_menu_typo_line_height_unit":"","ocean_menu_typo_spacing":0,"ocean_menu_typo_spacing_tablet":0,"ocean_menu_typo_spacing_mobile":0,"ocean_menu_typo_spacing_unit":"","ocean_menu_link_color":"","ocean_menu_link_color_hover":"","ocean_menu_link_color_active":"","ocean_menu_link_background":"","ocean_menu_link_hover_background":"","ocean_menu_link_active_background":"","ocean_menu_social_links_bg":"","ocean_menu_social_hover_links_bg":"","ocean_menu_social_links_color":"","ocean_menu_social_hover_links_color":"","ocean_disable_title":"default","ocean_disable_heading":"default","ocean_post_title":"","ocean_post_subheading":"","ocean_post_title_style":"","ocean_post_title_background_color":"","ocean_post_title_background":0,"ocean_post_title_bg_image_position":"","ocean_post_title_bg_image_attachment":"","ocean_post_title_bg_image_repeat":"","ocean_post_title_bg_image_size":"","ocean_post_title_height":0,"ocean_post_title_bg_overlay":0.5,"ocean_post_title_bg_overlay_color":"","ocean_disable_breadcrumbs":"default","ocean_breadcrumbs_color":"","ocean_breadcrumbs_separator_color":"","ocean_breadcrumbs_links_color":"","ocean_breadcrumbs_links_hover_color":"","ocean_display_footer_widgets":"default","ocean_display_footer_bottom":"default","ocean_custom_footer_template":"","footnotes":""},"class_list":["post-28","page","type-page","status-publish","hentry","entry"],"yoast_head":"<!-- This site is optimized with the Yoast SEO plugin v23.0 - https:\/\/yoast.com\/wordpress\/plugins\/seo\/ -->\n<title>Mentions l\u00e9gales - Activ&#039;18<\/title>\n<meta name=\"robots\" content=\"index, follow, max-snippet:-1, max-image-preview:large, max-video-preview:-1\" \/>\n<link rel=\"canonical\" href=\"https:\/\/activ18.fr\/?page_id=28\" \/>\n<meta property=\"og:locale\" content=\"fr_FR\" \/>\n<meta property=\"og:type\" content=\"article\" \/>\n<meta property=\"og:title\" content=\"Mentions l\u00e9gales - Activ&#039;18\" \/>\n<meta property=\"og:description\" content=\"Mentions L\u00e9gales 1. \u00c9diteur du site Le site activ&rsquo;18.fr est \u00e9dit\u00e9 par : Nom de l&rsquo;entreprise : Activ&rsquo;18 Forme juridique : Association d\u00e9clar\u00e9e Adresse du si\u00e8ge social : 10 rue Tristan Tzara 75018 Paris Capital social :\u00a0 RCS : [Num\u00e9ro de RCS]\u00a0 TVA intracommunautaire\u00a0:\u00a0FR81913810787FR Directeur de la publication : Gilles WALQUENART 2. H\u00e9bergement du site [&hellip;]\" \/>\n<meta property=\"og:url\" content=\"https:\/\/activ18.fr\/?page_id=28\" \/>\n<meta property=\"og:site_name\" content=\"Activ&#039;18\" \/>\n<meta property=\"article:publisher\" content=\"https:\/\/www.facebook.com\/profile.php?id=100093334410938\" \/>\n<meta property=\"article:modified_time\" content=\"2024-07-22T07:52:42+00:00\" \/>\n<meta name=\"twitter:card\" content=\"summary_large_image\" \/>\n<meta name=\"twitter:label1\" content=\"Dur\u00e9e de lecture estim\u00e9e\" \/>\n\t<meta name=\"twitter:data1\" content=\"2 minutes\" \/>\n<script type=\"application\/ld+json\" class=\"yoast-schema-graph\">{\"@context\":\"https:\/\/schema.org\",\"@graph\":[{\"@type\":\"WebPage\",\"@id\":\"https:\/\/activ18.fr\/?page_id=28\",\"url\":\"https:\/\/activ18.fr\/?page_id=28\",\"name\":\"Mentions l\u00e9gales - Activ'18\",\"isPartOf\":{\"@id\":\"https:\/\/activ18.fr\/#website\"},\"datePublished\":\"2024-06-25T08:34:13+00:00\",\"dateModified\":\"2024-07-22T07:52:42+00:00\",\"breadcrumb\":{\"@id\":\"https:\/\/activ18.fr\/?page_id=28#breadcrumb\"},\"inLanguage\":\"fr-FR\",\"potentialAction\":[{\"@type\":\"ReadAction\",\"target\":[\"https:\/\/activ18.fr\/?page_id=28\"]}]},{\"@type\":\"BreadcrumbList\",\"@id\":\"https:\/\/activ18.fr\/?page_id=28#breadcrumb\",\"itemListElement\":[{\"@type\":\"ListItem\",\"position\":1,\"name\":\"Accueil\",\"item\":\"https:\/\/activ18.fr\/\"},{\"@type\":\"ListItem\",\"position\":2,\"name\":\"Mentions l\u00e9gales\"}]},{\"@type\":\"WebSite\",\"@id\":\"https:\/\/activ18.fr\/#website\",\"url\":\"https:\/\/activ18.fr\/\",\"name\":\"Activ18\",\"description\":\"Votre association solidaire du 18\u00e8me\",\"publisher\":{\"@id\":\"https:\/\/activ18.fr\/#organization\"},\"potentialAction\":[{\"@type\":\"SearchAction\",\"target\":{\"@type\":\"EntryPoint\",\"urlTemplate\":\"https:\/\/activ18.fr\/?s={search_term_string}\"},\"query-input\":\"required name=search_term_string\"}],\"inLanguage\":\"fr-FR\"},{\"@type\":\"Organization\",\"@id\":\"https:\/\/activ18.fr\/#organization\",\"name\":\"Activ'18\",\"url\":\"https:\/\/activ18.fr\/\",\"logo\":{\"@type\":\"ImageObject\",\"inLanguage\":\"fr-FR\",\"@id\":\"https:\/\/activ18.fr\/#\/schema\/logo\/image\/\",\"url\":\"https:\/\/activ18.fr\/wp-content\/uploads\/2024\/06\/version-large_fond-perdu.png\",\"contentUrl\":\"https:\/\/activ18.fr\/wp-content\/uploads\/2024\/06\/version-large_fond-perdu.png\",\"width\":3508,\"height\":2480,\"caption\":\"Activ'18\"},\"image\":{\"@id\":\"https:\/\/activ18.fr\/#\/schema\/logo\/image\/\"},\"sameAs\":[\"https:\/\/www.facebook.com\/profile.php?id=100093334410938\",\"https:\/\/www.instagram.com\/activ.18\/\"]}]}<\/script>\n<!-- \/ Yoast SEO plugin. -->","yoast_head_json":{"title":"Mentions l\u00e9gales - Activ'18","robots":{"index":"index","follow":"follow","max-snippet":"max-snippet:-1","max-image-preview":"max-image-preview:large","max-video-preview":"max-video-preview:-1"},"canonical":"https:\/\/activ18.fr\/?page_id=28","og_locale":"fr_FR","og_type":"article","og_title":"Mentions l\u00e9gales - Activ'18","og_description":"Mentions L\u00e9gales 1. \u00c9diteur du site Le site activ&rsquo;18.fr est \u00e9dit\u00e9 par : Nom de l&rsquo;entreprise : Activ&rsquo;18 Forme juridique : Association d\u00e9clar\u00e9e Adresse du si\u00e8ge social : 10 rue Tristan Tzara 75018 Paris Capital social :\u00a0 RCS : [Num\u00e9ro de RCS]\u00a0 TVA intracommunautaire\u00a0:\u00a0FR81913810787FR Directeur de la publication : Gilles WALQUENART 2. H\u00e9bergement du site [&hellip;]","og_url":"https:\/\/activ18.fr\/?page_id=28","og_site_name":"Activ&#039;18","article_publisher":"https:\/\/www.facebook.com\/profile.php?id=100093334410938","article_modified_time":"2024-07-22T07:52:42+00:00","twitter_card":"summary_large_image","twitter_misc":{"Dur\u00e9e de lecture estim\u00e9e":"2 minutes"},"schema":{"@context":"https:\/\/schema.org","@graph":[{"@type":"WebPage","@id":"https:\/\/activ18.fr\/?page_id=28","url":"https:\/\/activ18.fr\/?page_id=28","name":"Mentions l\u00e9gales - Activ'18","isPartOf":{"@id":"https:\/\/activ18.fr\/#website"},"datePublished":"2024-06-25T08:34:13+00:00","dateModified":"2024-07-22T07:52:42+00:00","breadcrumb":{"@id":"https:\/\/activ18.fr\/?page_id=28#breadcrumb"},"inLanguage":"fr-FR","potentialAction":[{"@type":"ReadAction","target":["https:\/\/activ18.fr\/?page_id=28"]}]},{"@type":"BreadcrumbList","@id":"https:\/\/activ18.fr\/?page_id=28#breadcrumb","itemListElement":[{"@type":"ListItem","position":1,"name":"Accueil","item":"https:\/\/activ18.fr\/"},{"@type":"ListItem","position":2,"name":"Mentions l\u00e9gales"}]},{"@type":"WebSite","@id":"https:\/\/activ18.fr\/#website","url":"https:\/\/activ18.fr\/","name":"Activ18","description":"Votre association solidaire du 18\u00e8me","publisher":{"@id":"https:\/\/activ18.fr\/#organization"},"potentialAction":[{"@type":"SearchAction","target":{"@type":"EntryPoint","urlTemplate":"https:\/\/activ18.fr\/?s={search_term_string}"},"query-input":"required name=search_term_string"}],"inLanguage":"fr-FR"},{"@type":"Organization","@id":"https:\/\/activ18.fr\/#organization","name":"Activ'18","url":"https:\/\/activ18.fr\/","logo":{"@type":"ImageObject","inLanguage":"fr-FR","@id":"https:\/\/activ18.fr\/#\/schema\/logo\/image\/","url":"https:\/\/activ18.fr\/wp-content\/uploads\/2024\/06\/version-large_fond-perdu.png","contentUrl":"https:\/\/activ18.fr\/wp-content\/uploads\/2024\/06\/version-large_fond-perdu.png","width":3508,"height":2480,"caption":"Activ'18"},"image":{"@id":"https:\/\/activ18.fr\/#\/schema\/logo\/image\/"},"sameAs":["https:\/\/www.facebook.com\/profile.php?id=100093334410938","https:\/\/www.instagram.com\/activ.18\/"]}]}},"_links":{"self":[{"href":"https:\/\/activ18.fr\/index.php?rest_route=\/wp\/v2\/pages\/28","targetHints":{"allow":["GET"]}}],"collection":[{"href":"https:\/\/activ18.fr\/index.php?rest_route=\/wp\/v2\/pages"}],"about":[{"href":"https:\/\/activ18.fr\/index.php?rest_route=\/wp\/v2\/types\/page"}],"author":[{"embeddable":true,"href":"https:\/\/activ18.fr\/index.php?rest_route=\/wp\/v2\/users\/1"}],"replies":[{"embeddable":true,"href":"https:\/\/activ18.fr\/index.php?rest_route=%2Fwp%2Fv2%2Fcomments&post=28"}],"version-history":[{"count":7,"href":"https:\/\/activ18.fr\/index.php?rest_route=\/wp\/v2\/pages\/28\/revisions"}],"predecessor-version":[{"id":682,"href":"https:\/\/activ18.fr\/index.php?rest_route=\/wp\/v2\/pages\/28\/revisions\/682"}],"wp:attachment":[{"href":"https:\/\/activ18.fr\/index.php?rest_route=%2Fwp%2Fv2%2Fmedia&parent=28"}],"curies":[{"name":"wp","href":"https:\/\/api.w.org\/{rel}","templated":true}]}}